{"id":123,"date":"2020-07-09T09:18:57","date_gmt":"2020-07-09T09:18:57","guid":{"rendered":"https:\/\/wpriverthemes.com\/anada\/?page_id=123"},"modified":"2025-03-18T11:45:45","modified_gmt":"2025-03-18T11:45:45","slug":"blog-yazilarimiz","status":"publish","type":"page","link":"https:\/\/renewasoft.com.tr\/index.php\/tr\/blog-yazilarimiz\/","title":{"rendered":"Blog Yaz\u0131lar\u0131m\u0131z"},"content":{"rendered":"","protected":false},"excerpt":{"rendered":"","protected":false},"author":1,"featured_media":0,"parent":0,"menu_order":0,"comment_status":"closed","ping_status":"closed","template":"page-templates\/blog-single.php","meta":{"footnotes":""},"class_list":["post-123","page","type-page","status-publish","hentry"],"yoast_head":"<!-- This site is optimized with the Yoast SEO plugin v24.7 - https:\/\/yoast.com\/wordpress\/plugins\/seo\/ -->\n<title>Blog Yaz\u0131lar\u0131m\u0131z - Renewasoft Enerji ve Yaz\u0131l\u0131m A.\u015e<\/title>\n<meta name=\"robots\" content=\"index, follow, max-snippet:-1, max-image-preview:large, max-video-preview:-1\" \/>\n<link rel=\"canonical\" href=\"https:\/\/renewasoft.com.tr\/index.php\/tr\/blog-yazilarimiz\/\" \/>\n<meta property=\"og:locale\" content=\"tr_TR\" \/>\n<meta property=\"og:type\" content=\"article\" \/>\n<meta property=\"og:title\" content=\"Blog Yaz\u0131lar\u0131m\u0131z - Renewasoft Enerji ve Yaz\u0131l\u0131m A.\u015e\" \/>\n<meta property=\"og:url\" content=\"https:\/\/renewasoft.com.tr\/index.php\/tr\/blog-yazilarimiz\/\" \/>\n<meta property=\"og:site_name\" content=\"Renewasoft Enerji ve Yaz\u0131l\u0131m A.\u015e\" \/>\n<meta property=\"article:modified_time\" content=\"2025-03-18T11:45:45+00:00\" \/>\n<meta name=\"twitter:card\" content=\"summary_large_image\" \/>\n<script type=\"application\/ld+json\" class=\"yoast-schema-graph\">{\"@context\":\"https:\/\/schema.org\",\"@graph\":[{\"@type\":\"WebPage\",\"@id\":\"https:\/\/renewasoft.com.tr\/index.php\/tr\/blog-yazilarimiz\/\",\"url\":\"https:\/\/renewasoft.com.tr\/index.php\/tr\/blog-yazilarimiz\/\",\"name\":\"Blog Yaz\u0131lar\u0131m\u0131z - Renewasoft Enerji ve Yaz\u0131l\u0131m A.\u015e\",\"isPartOf\":{\"@id\":\"https:\/\/renewasoft.com.tr\/#website\"},\"datePublished\":\"2020-07-09T09:18:57+00:00\",\"dateModified\":\"2025-03-18T11:45:45+00:00\",\"breadcrumb\":{\"@id\":\"https:\/\/renewasoft.com.tr\/index.php\/tr\/blog-yazilarimiz\/#breadcrumb\"},\"inLanguage\":\"tr\",\"potentialAction\":[{\"@type\":\"ReadAction\",\"target\":[\"https:\/\/renewasoft.com.tr\/index.php\/tr\/blog-yazilarimiz\/\"]}]},{\"@type\":\"BreadcrumbList\",\"@id\":\"https:\/\/renewasoft.com.tr\/index.php\/tr\/blog-yazilarimiz\/#breadcrumb\",\"itemListElement\":[{\"@type\":\"ListItem\",\"position\":1,\"name\":\"Anasayfa\",\"item\":\"https:\/\/renewasoft.com.tr\/index.php\/tr\/ana-sayfa\/\"},{\"@type\":\"ListItem\",\"position\":2,\"name\":\"Blog Yaz\u0131lar\u0131m\u0131z\"}]},{\"@type\":\"WebSite\",\"@id\":\"https:\/\/renewasoft.com.tr\/#website\",\"url\":\"https:\/\/renewasoft.com.tr\/\",\"name\":\"Renewasoft Enerji ve Yaz\u0131l\u0131m A.\u015e\",\"description\":\"\",\"publisher\":{\"@id\":\"https:\/\/renewasoft.com.tr\/#organization\"},\"potentialAction\":[{\"@type\":\"SearchAction\",\"target\":{\"@type\":\"EntryPoint\",\"urlTemplate\":\"https:\/\/renewasoft.com.tr\/?s={search_term_string}\"},\"query-input\":{\"@type\":\"PropertyValueSpecification\",\"valueRequired\":true,\"valueName\":\"search_term_string\"}}],\"inLanguage\":\"tr\"},{\"@type\":\"Organization\",\"@id\":\"https:\/\/renewasoft.com.tr\/#organization\",\"name\":\"Renewasoft Enerji ve Yaz\u0131l\u0131m A.\u015e\",\"url\":\"https:\/\/renewasoft.com.tr\/\",\"logo\":{\"@type\":\"ImageObject\",\"inLanguage\":\"tr\",\"@id\":\"https:\/\/renewasoft.com.tr\/#\/schema\/logo\/image\/\",\"url\":\"https:\/\/renewasoft.com.tr\/wp-content\/uploads\/2025\/03\/images.jpg\",\"contentUrl\":\"https:\/\/renewasoft.com.tr\/wp-content\/uploads\/2025\/03\/images.jpg\",\"width\":225,\"height\":225,\"caption\":\"Renewasoft Enerji ve Yaz\u0131l\u0131m A.\u015e\"},\"image\":{\"@id\":\"https:\/\/renewasoft.com.tr\/#\/schema\/logo\/image\/\"},\"sameAs\":[\"https:\/\/www.linkedin.com\/company\/renewasoft\/\"]}]}<\/script>\n<!-- \/ Yoast SEO plugin. -->","yoast_head_json":{"title":"Blog Yaz\u0131lar\u0131m\u0131z - Renewasoft Enerji ve Yaz\u0131l\u0131m A.\u015e","robots":{"index":"index","follow":"follow","max-snippet":"max-snippet:-1","max-image-preview":"max-image-preview:large","max-video-preview":"max-video-preview:-1"},"canonical":"https:\/\/renewasoft.com.tr\/index.php\/tr\/blog-yazilarimiz\/","og_locale":"tr_TR","og_type":"article","og_title":"Blog Yaz\u0131lar\u0131m\u0131z - Renewasoft Enerji ve Yaz\u0131l\u0131m A.\u015e","og_url":"https:\/\/renewasoft.com.tr\/index.php\/tr\/blog-yazilarimiz\/","og_site_name":"Renewasoft Enerji ve Yaz\u0131l\u0131m A.\u015e","article_modified_time":"2025-03-18T11:45:45+00:00","twitter_card":"summary_large_image","schema":{"@context":"https:\/\/schema.org","@graph":[{"@type":"WebPage","@id":"https:\/\/renewasoft.com.tr\/index.php\/tr\/blog-yazilarimiz\/","url":"https:\/\/renewasoft.com.tr\/index.php\/tr\/blog-yazilarimiz\/","name":"Blog Yaz\u0131lar\u0131m\u0131z - Renewasoft Enerji ve Yaz\u0131l\u0131m A.\u015e","isPartOf":{"@id":"https:\/\/renewasoft.com.tr\/#website"},"datePublished":"2020-07-09T09:18:57+00:00","dateModified":"2025-03-18T11:45:45+00:00","breadcrumb":{"@id":"https:\/\/renewasoft.com.tr\/index.php\/tr\/blog-yazilarimiz\/#breadcrumb"},"inLanguage":"tr","potentialAction":[{"@type":"ReadAction","target":["https:\/\/renewasoft.com.tr\/index.php\/tr\/blog-yazilarimiz\/"]}]},{"@type":"BreadcrumbList","@id":"https:\/\/renewasoft.com.tr\/index.php\/tr\/blog-yazilarimiz\/#breadcrumb","itemListElement":[{"@type":"ListItem","position":1,"name":"Anasayfa","item":"https:\/\/renewasoft.com.tr\/index.php\/tr\/ana-sayfa\/"},{"@type":"ListItem","position":2,"name":"Blog Yaz\u0131lar\u0131m\u0131z"}]},{"@type":"WebSite","@id":"https:\/\/renewasoft.com.tr\/#website","url":"https:\/\/renewasoft.com.tr\/","name":"Renewasoft Enerji ve Yaz\u0131l\u0131m A.\u015e","description":"","publisher":{"@id":"https:\/\/renewasoft.com.tr\/#organization"},"potentialAction":[{"@type":"SearchAction","target":{"@type":"EntryPoint","urlTemplate":"https:\/\/renewasoft.com.tr\/?s={search_term_string}"},"query-input":{"@type":"PropertyValueSpecification","valueRequired":true,"valueName":"search_term_string"}}],"inLanguage":"tr"},{"@type":"Organization","@id":"https:\/\/renewasoft.com.tr\/#organization","name":"Renewasoft Enerji ve Yaz\u0131l\u0131m A.\u015e","url":"https:\/\/renewasoft.com.tr\/","logo":{"@type":"ImageObject","inLanguage":"tr","@id":"https:\/\/renewasoft.com.tr\/#\/schema\/logo\/image\/","url":"https:\/\/renewasoft.com.tr\/wp-content\/uploads\/2025\/03\/images.jpg","contentUrl":"https:\/\/renewasoft.com.tr\/wp-content\/uploads\/2025\/03\/images.jpg","width":225,"height":225,"caption":"Renewasoft Enerji ve Yaz\u0131l\u0131m A.\u015e"},"image":{"@id":"https:\/\/renewasoft.com.tr\/#\/schema\/logo\/image\/"},"sameAs":["https:\/\/www.linkedin.com\/company\/renewasoft\/"]}]}},"_links":{"self":[{"href":"https:\/\/renewasoft.com.tr\/index.php\/wp-json\/wp\/v2\/pages\/123","targetHints":{"allow":["GET"]}}],"collection":[{"href":"https:\/\/renewasoft.com.tr\/index.php\/wp-json\/wp\/v2\/pages"}],"about":[{"href":"https:\/\/renewasoft.com.tr\/index.php\/wp-json\/wp\/v2\/types\/page"}],"author":[{"embeddable":true,"href":"https:\/\/renewasoft.com.tr\/index.php\/wp-json\/wp\/v2\/users\/1"}],"replies":[{"embeddable":true,"href":"https:\/\/renewasoft.com.tr\/index.php\/wp-json\/wp\/v2\/comments?post=123"}],"version-history":[{"count":1,"href":"https:\/\/renewasoft.com.tr\/index.php\/wp-json\/wp\/v2\/pages\/123\/revisions"}],"predecessor-version":[{"id":1596,"href":"https:\/\/renewasoft.com.tr\/index.php\/wp-json\/wp\/v2\/pages\/123\/revisions\/1596"}],"wp:attachment":[{"href":"https:\/\/renewasoft.com.tr\/index.php\/wp-json\/wp\/v2\/media?parent=123"}],"curies":[{"name":"wp","href":"https:\/\/api.w.org\/{rel}","templated":true}]}}