{"id":131,"date":"2020-07-09T12:16:14","date_gmt":"2020-07-09T12:16:14","guid":{"rendered":"https:\/\/wpriverthemes.com\/anada\/?page_id=131"},"modified":"2025-11-22T20:46:02","modified_gmt":"2025-11-22T20:46:02","slug":"hizmetimiz","status":"publish","type":"page","link":"https:\/\/renewasoft.com.tr\/index.php\/tr\/hizmetimiz\/","title":{"rendered":"Hizmetimiz"},"content":{"rendered":"<div class=\"wpb-content-wrapper\"><p>[vc_row][vc_column]<!-- Start Our About\r\n============================================= -->\r\n<div class=\"about-area bg-gray overflow-hidden rectangular-shape default-padding\">\r\n    <div class=\"container\">\r\n        <div class=\"about-items choseus-items right-thumb\">\r\n            <div class=\"row align-center\">\r\n                <div class=\"col-lg-6\">\r\n                    <div class=\"info wow fadeInLeft\">\r\n                        <h2>HYDROWISE ile Dijital Enerji Y\u00f6netimine Ad\u0131m At\u0131n<\/h2>\r\n                        <p>\r\n                            HYDROWISE, hidroelektrik santraller i\u00e7in u\u00e7tan uca dijital d\u00f6n\u00fc\u015f\u00fcm sa\u011flayan yapay zek\u00e2 tabanl\u0131 bir enerji y\u00f6netim platformudur. SCADA ve IoT sens\u00f6rlerinden toplanan ger\u00e7ek zamanl\u0131 verileri tek bir merkezde i\u015fleyerek santral performans\u0131n\u0131 s\u00fcrekli izler ve t\u00fcm kritik operasyonel bilgilerin g\u00fcvenilir \u015fekilde takip edilmesini sa\u011flar.<\/p>\n<p>Toplanan veriler; su ak\u0131\u015f\u0131, rezervuar seviyeleri, meteorolojik ko\u015fullar, enerji talebi ve di\u011fer operasyonel de\u011fi\u015fkenlerle birlikte yapay zek\u00e2 modelleri taraf\u0131ndan analiz edilir. Bu b\u00fct\u00fcnle\u015fik yap\u0131 sayesinde:<\/p>\n<p>- \u00dcretim tahminleri y\u00fcksek do\u011frulukla olu\u015fturulur,<\/p>\n<p>- Kestirimci bak\u0131m senaryolar\u0131 otomatik \u00fcretilir,<\/p>\n<p>- Olas\u0131 ar\u0131zalar i\u00e7in erken uyar\u0131 mekanizmalar\u0131 devreye girer.<\/p>\n<p>HYDROWISE ayr\u0131ca EP\u0130A\u015e entegrasyonu, otomatik raporlama, enerji piyasas\u0131 planlama deste\u011fi ve karar destek mekanizmalar\u0131 ile enerji \u00fcretim s\u00fcre\u00e7lerini daha \u015feffaf, optimize edilebilir ve s\u00fcrd\u00fcr\u00fclebilir hale getirir.<\/p>\n<p>Bu sayede hidroelektrik santraller hem verimliliklerini art\u0131r\u0131r, hem de operasyonel riskleri en aza indirerek uzun vadeli g\u00fcvenilir bir enerji y\u00f6netimi altyap\u0131s\u0131na sahip olur. \r\n                        <\/p>\r\n                        <h4>3 Ad\u0131mda \u00c7al\u0131\u015fma Mant\u0131\u011f\u0131<\/h4>\r\n                        <ul><li>\r\n                <span><i class=\"ti-check\"><\/i> Yapay Zek\u00e2 Destekli Veri Entegrasyonu: SCADA, sens\u00f6rler ve IoT cihazlar\u0131ndan gelen ger\u00e7ek zamanl\u0131 operasyon verileri HYDROWISE taraf\u0131ndan g\u00fcvenli bir \u015fekilde toplan\u0131r ve tek bir veri havuzunda b\u00fct\u00fcnle\u015ftirilir.<\/span>\r\n                <\/li><li>\r\n                <span><i class=\"ti-check\"><\/i> Yapay Zek\u00e2 Destekli Veri Analizi: B\u00fcy\u00fck veri teknolojileri ve analitik motoru sayesinde su ak\u0131\u015f\u0131, rezervuar seviyeleri, meteorolojik ko\u015fullar, enerji talebi ve benzeri operasyonel parametreler detayl\u0131 olarak i\u015flenir ve anlamland\u0131r\u0131l\u0131r.<\/span>\r\n                <\/li><li>\r\n                <span><i class=\"ti-check\"><\/i> Yapay Zek\u00e2 Destekli Tahmin ve \u00d6ng\u00f6r\u00fcler: Geli\u015fmi\u015f yapay zek\u00e2 algoritmalar\u0131 \u00fcretim tahmini, kestirimci bak\u0131m senaryolar\u0131 ve su ak\u0131\u015f \u00f6ng\u00f6r\u00fcleri olu\u015fturur. Bu sayede olas\u0131 ar\u0131zalar, verimlilik kay\u0131plar\u0131 ve riskler \u00f6nceden tespit edilir.<\/span>\r\n                <\/li><li>\r\n                <span><i class=\"ti-check\"><\/i> Karar Destek: Sistem: HYDROWISE; EP\u0130A\u015e planlamas\u0131, bak\u0131m s\u00fcre\u00e7leri, enerji optimizasyonu ve otomatik raporlama \u00e7\u0131kt\u0131lar\u0131yla y\u00f6neticilere h\u0131zl\u0131, do\u011fru ve uygulanabilir karar destek bilgileri sunar.<\/span>\r\n                <\/li><\/ul>\r\n                    <\/div>\r\n                <\/div>\r\n                <div class=\"col-lg-6\">\r\n                    <div class=\"thumb wow fadeInUp\" data-wow-delay=\"0.5s\">\r\n                        <img decoding=\"async\" src=\"https:\/\/renewasoft.com.tr\/wp-content\/uploads\/2021\/09\/21.png\" alt=\"Thumb\">\r\n                    <\/div>\r\n                <\/div>\r\n            <\/div>\r\n        <\/div>\r\n    <\/div>\r\n<\/div>\r\n<!-- End Our About -->[\/vc_column][\/vc_row][vc_row][vc_column]<!-- Start Work Process Area\r\n============================================= -->\r\n<div class=\"work-process-area default-padding-bottom\">\r\n    <div class=\"container\">\r\n        <div class=\"row\">\r\n            <div class=\"col-lg-8 offset-lg-2\">\r\n                <div class=\"site-heading text-center\">\r\n                    <h4><\/h4>\r\n                    <h2>\r\n                        Nas\u0131l \u00c7al\u0131\u015f\u0131yoruz\r\n                    <\/h2>\r\n                <\/div>\r\n            <\/div>\r\n        <\/div>\r\n        <div class=\"works-process-items text-center\">\r\n            <div class=\"row\"><img decoding=\"async\" src=\"https:\/\/renewasoft.com.tr\/wp-content\/uploads\/2025\/10\/Ekran-goruntusu-2025-10-17-161131.png\" alt=\"Thumb\"><!-- Single Item -->\r\n                <div class=\"col-lg-4 single-item\">\r\n                    <div class=\"item\">\r\n                        <div class=\"icon\">\r\n                            <i class=\"flaticon-problem\"><\/i>\r\n                            <span>01<\/span>\r\n                        <\/div>\r\n                        <div class=\"info\">\r\n                            <h4>Sorunun Tan\u0131mlanmas\u0131<\/h4>\r\n                            <p>\r\n                                Her uygulama \u00f6ncesinde, hidroelektrik santralin ihtiya\u00e7lar\u0131n\u0131 do\u011fru \u015fekilde analiz edebilmek i\u00e7in lokasyon bazl\u0131 meteorolojik veriler ve tarihsel \u00fcretim verileri \u00fczerinden yapay zek\u00e2 modellerimizi e\u011fitiriz. Bu analiz s\u00fcreci, santralin kar\u015f\u0131la\u015ft\u0131\u011f\u0131 operasyonel zorluklar\u0131, kapasite k\u0131s\u0131tlar\u0131n\u0131, su ak\u0131\u015f\u0131ndaki de\u011fi\u015fkenlikleri ve bak\u0131m gereksinimlerini net bir \u015fekilde ortaya koyar. B\u00f6ylece HYDROWISE, \u00e7\u00f6z\u00fclmesi gereken kritik noktalar\u0131 belirler ve en do\u011fru dijital d\u00f6n\u00fc\u015f\u00fcm stratejisini olu\u015fturur.\r\n                            <\/p>\r\n                        <\/div>\r\n                    <\/div>\r\n                <\/div>\r\n                <!-- End Single Item --><!-- Single Item -->\r\n                <div class=\"col-lg-4 single-item\">\r\n                    <div class=\"item\">\r\n                        <div class=\"icon\">\r\n                            <i class=\"flaticon-cloud-data\"><\/i>\r\n                            <span>02<\/span>\r\n                        <\/div>\r\n                        <div class=\"info\">\r\n                            <h4>Veri Toplama<\/h4>\r\n                            <p>\r\n                                HYDROWISE, yapay zek\u00e2 destekli veri toplama altyap\u0131s\u0131 sayesinde SCADA sistemleri, sens\u00f6rler, IoT cihazlar\u0131 ve piyasa verileri d\u00e2hil t\u00fcm operasyonel bilgileri tek bir platformda entegre eder. Bu b\u00fct\u00fcnle\u015fik yap\u0131, hidroelektrik santrallerin ihtiya\u00e7 duydu\u011fu kritik verilerin g\u00fcvenilir, eksiksiz ve ger\u00e7ek zamanl\u0131 olarak merkezi bir noktadan eri\u015filebilir olmas\u0131n\u0131 sa\u011flar. B\u00f6ylece veri y\u00f6netimi hem daha h\u0131zl\u0131 hem de daha do\u011fru bir \u015fekilde y\u00fcr\u00fct\u00fcl\u00fcr.\r\n                            <\/p>\r\n                        <\/div>\r\n                    <\/div>\r\n                <\/div>\r\n                <!-- End Single Item --><\/div>\r\n        <\/div>\r\n    <\/div>\r\n<\/div>\r\n<!-- End Work Process Area -->[\/vc_column][\/vc_row]<\/p>\n<\/div>","protected":false},"excerpt":{"rendered":"<p>[vc_row][vc_column][\/vc_column][\/vc_row][vc_row][vc_column][\/vc_column][\/vc_row]<\/p>\n","protected":false},"author":1,"featured_media":0,"parent":0,"menu_order":0,"comment_status":"closed","ping_status":"closed","template":"page-templates\/pages.php","meta":{"footnotes":""},"class_list":["post-131","page","type-page","status-publish","hentry"],"yoast_head":"<!-- This site is optimized with the Yoast SEO plugin v24.7 - https:\/\/yoast.com\/wordpress\/plugins\/seo\/ -->\n<title>Hizmetimiz - Renewasoft Enerji ve Yaz\u0131l\u0131m A.\u015e<\/title>\n<meta name=\"robots\" content=\"index, follow, max-snippet:-1, max-image-preview:large, max-video-preview:-1\" \/>\n<link rel=\"canonical\" href=\"https:\/\/renewasoft.com.tr\/index.php\/tr\/hizmetimiz\/\" \/>\n<meta property=\"og:locale\" content=\"tr_TR\" \/>\n<meta property=\"og:type\" content=\"article\" \/>\n<meta property=\"og:title\" content=\"Hizmetimiz - Renewasoft Enerji ve Yaz\u0131l\u0131m A.\u015e\" \/>\n<meta property=\"og:description\" content=\"[vc_row][vc_column][\/vc_column][\/vc_row][vc_row][vc_column][\/vc_column][\/vc_row]\" \/>\n<meta property=\"og:url\" content=\"https:\/\/renewasoft.com.tr\/index.php\/tr\/hizmetimiz\/\" \/>\n<meta property=\"og:site_name\" content=\"Renewasoft Enerji ve Yaz\u0131l\u0131m A.\u015e\" \/>\n<meta property=\"article:modified_time\" content=\"2025-11-22T20:46:02+00:00\" \/>\n<meta name=\"twitter:card\" content=\"summary_large_image\" \/>\n<meta name=\"twitter:label1\" content=\"Tahmini okuma s\u00fcresi\" \/>\n\t<meta name=\"twitter:data1\" content=\"4 dakika\" \/>\n<script type=\"application\/ld+json\" class=\"yoast-schema-graph\">{\"@context\":\"https:\/\/schema.org\",\"@graph\":[{\"@type\":\"WebPage\",\"@id\":\"https:\/\/renewasoft.com.tr\/index.php\/tr\/hizmetimiz\/\",\"url\":\"https:\/\/renewasoft.com.tr\/index.php\/tr\/hizmetimiz\/\",\"name\":\"Hizmetimiz - Renewasoft Enerji ve Yaz\u0131l\u0131m A.\u015e\",\"isPartOf\":{\"@id\":\"https:\/\/renewasoft.com.tr\/#website\"},\"datePublished\":\"2020-07-09T12:16:14+00:00\",\"dateModified\":\"2025-11-22T20:46:02+00:00\",\"breadcrumb\":{\"@id\":\"https:\/\/renewasoft.com.tr\/index.php\/tr\/hizmetimiz\/#breadcrumb\"},\"inLanguage\":\"tr\",\"potentialAction\":[{\"@type\":\"ReadAction\",\"target\":[\"https:\/\/renewasoft.com.tr\/index.php\/tr\/hizmetimiz\/\"]}]},{\"@type\":\"BreadcrumbList\",\"@id\":\"https:\/\/renewasoft.com.tr\/index.php\/tr\/hizmetimiz\/#breadcrumb\",\"itemListElement\":[{\"@type\":\"ListItem\",\"position\":1,\"name\":\"Anasayfa\",\"item\":\"https:\/\/renewasoft.com.tr\/index.php\/tr\/ana-sayfa\/\"},{\"@type\":\"ListItem\",\"position\":2,\"name\":\"Hizmetimiz\"}]},{\"@type\":\"WebSite\",\"@id\":\"https:\/\/renewasoft.com.tr\/#website\",\"url\":\"https:\/\/renewasoft.com.tr\/\",\"name\":\"Renewasoft Enerji ve Yaz\u0131l\u0131m A.\u015e\",\"description\":\"\",\"publisher\":{\"@id\":\"https:\/\/renewasoft.com.tr\/#organization\"},\"potentialAction\":[{\"@type\":\"SearchAction\",\"target\":{\"@type\":\"EntryPoint\",\"urlTemplate\":\"https:\/\/renewasoft.com.tr\/?s={search_term_string}\"},\"query-input\":{\"@type\":\"PropertyValueSpecification\",\"valueRequired\":true,\"valueName\":\"search_term_string\"}}],\"inLanguage\":\"tr\"},{\"@type\":\"Organization\",\"@id\":\"https:\/\/renewasoft.com.tr\/#organization\",\"name\":\"Renewasoft Enerji ve Yaz\u0131l\u0131m A.\u015e\",\"url\":\"https:\/\/renewasoft.com.tr\/\",\"logo\":{\"@type\":\"ImageObject\",\"inLanguage\":\"tr\",\"@id\":\"https:\/\/renewasoft.com.tr\/#\/schema\/logo\/image\/\",\"url\":\"https:\/\/renewasoft.com.tr\/wp-content\/uploads\/2025\/03\/images.jpg\",\"contentUrl\":\"https:\/\/renewasoft.com.tr\/wp-content\/uploads\/2025\/03\/images.jpg\",\"width\":225,\"height\":225,\"caption\":\"Renewasoft Enerji ve Yaz\u0131l\u0131m A.\u015e\"},\"image\":{\"@id\":\"https:\/\/renewasoft.com.tr\/#\/schema\/logo\/image\/\"},\"sameAs\":[\"https:\/\/www.linkedin.com\/company\/renewasoft\/\"]}]}<\/script>\n<!-- \/ Yoast SEO plugin. -->","yoast_head_json":{"title":"Hizmetimiz - Renewasoft Enerji ve Yaz\u0131l\u0131m A.\u015e","robots":{"index":"index","follow":"follow","max-snippet":"max-snippet:-1","max-image-preview":"max-image-preview:large","max-video-preview":"max-video-preview:-1"},"canonical":"https:\/\/renewasoft.com.tr\/index.php\/tr\/hizmetimiz\/","og_locale":"tr_TR","og_type":"article","og_title":"Hizmetimiz - Renewasoft Enerji ve Yaz\u0131l\u0131m A.\u015e","og_description":"[vc_row][vc_column][\/vc_column][\/vc_row][vc_row][vc_column][\/vc_column][\/vc_row]","og_url":"https:\/\/renewasoft.com.tr\/index.php\/tr\/hizmetimiz\/","og_site_name":"Renewasoft Enerji ve Yaz\u0131l\u0131m A.\u015e","article_modified_time":"2025-11-22T20:46:02+00:00","twitter_card":"summary_large_image","twitter_misc":{"Tahmini okuma s\u00fcresi":"4 dakika"},"schema":{"@context":"https:\/\/schema.org","@graph":[{"@type":"WebPage","@id":"https:\/\/renewasoft.com.tr\/index.php\/tr\/hizmetimiz\/","url":"https:\/\/renewasoft.com.tr\/index.php\/tr\/hizmetimiz\/","name":"Hizmetimiz - Renewasoft Enerji ve Yaz\u0131l\u0131m A.\u015e","isPartOf":{"@id":"https:\/\/renewasoft.com.tr\/#website"},"datePublished":"2020-07-09T12:16:14+00:00","dateModified":"2025-11-22T20:46:02+00:00","breadcrumb":{"@id":"https:\/\/renewasoft.com.tr\/index.php\/tr\/hizmetimiz\/#breadcrumb"},"inLanguage":"tr","potentialAction":[{"@type":"ReadAction","target":["https:\/\/renewasoft.com.tr\/index.php\/tr\/hizmetimiz\/"]}]},{"@type":"BreadcrumbList","@id":"https:\/\/renewasoft.com.tr\/index.php\/tr\/hizmetimiz\/#breadcrumb","itemListElement":[{"@type":"ListItem","position":1,"name":"Anasayfa","item":"https:\/\/renewasoft.com.tr\/index.php\/tr\/ana-sayfa\/"},{"@type":"ListItem","position":2,"name":"Hizmetimiz"}]},{"@type":"WebSite","@id":"https:\/\/renewasoft.com.tr\/#website","url":"https:\/\/renewasoft.com.tr\/","name":"Renewasoft Enerji ve Yaz\u0131l\u0131m A.\u015e","description":"","publisher":{"@id":"https:\/\/renewasoft.com.tr\/#organization"},"potentialAction":[{"@type":"SearchAction","target":{"@type":"EntryPoint","urlTemplate":"https:\/\/renewasoft.com.tr\/?s={search_term_string}"},"query-input":{"@type":"PropertyValueSpecification","valueRequired":true,"valueName":"search_term_string"}}],"inLanguage":"tr"},{"@type":"Organization","@id":"https:\/\/renewasoft.com.tr\/#organization","name":"Renewasoft Enerji ve Yaz\u0131l\u0131m A.\u015e","url":"https:\/\/renewasoft.com.tr\/","logo":{"@type":"ImageObject","inLanguage":"tr","@id":"https:\/\/renewasoft.com.tr\/#\/schema\/logo\/image\/","url":"https:\/\/renewasoft.com.tr\/wp-content\/uploads\/2025\/03\/images.jpg","contentUrl":"https:\/\/renewasoft.com.tr\/wp-content\/uploads\/2025\/03\/images.jpg","width":225,"height":225,"caption":"Renewasoft Enerji ve Yaz\u0131l\u0131m A.\u015e"},"image":{"@id":"https:\/\/renewasoft.com.tr\/#\/schema\/logo\/image\/"},"sameAs":["https:\/\/www.linkedin.com\/company\/renewasoft\/"]}]}},"_links":{"self":[{"href":"https:\/\/renewasoft.com.tr\/index.php\/wp-json\/wp\/v2\/pages\/131","targetHints":{"allow":["GET"]}}],"collection":[{"href":"https:\/\/renewasoft.com.tr\/index.php\/wp-json\/wp\/v2\/pages"}],"about":[{"href":"https:\/\/renewasoft.com.tr\/index.php\/wp-json\/wp\/v2\/types\/page"}],"author":[{"embeddable":true,"href":"https:\/\/renewasoft.com.tr\/index.php\/wp-json\/wp\/v2\/users\/1"}],"replies":[{"embeddable":true,"href":"https:\/\/renewasoft.com.tr\/index.php\/wp-json\/wp\/v2\/comments?post=131"}],"version-history":[{"count":36,"href":"https:\/\/renewasoft.com.tr\/index.php\/wp-json\/wp\/v2\/pages\/131\/revisions"}],"predecessor-version":[{"id":2801,"href":"https:\/\/renewasoft.com.tr\/index.php\/wp-json\/wp\/v2\/pages\/131\/revisions\/2801"}],"wp:attachment":[{"href":"https:\/\/renewasoft.com.tr\/index.php\/wp-json\/wp\/v2\/media?parent=131"}],"curies":[{"name":"wp","href":"https:\/\/api.w.org\/{rel}","templated":true}]}}