{"id":1839,"date":"2025-02-20T09:39:28","date_gmt":"2025-02-20T09:39:28","guid":{"rendered":"http:\/\/renewasoft.com.tr\/?page_id=1839"},"modified":"2025-09-16T13:19:31","modified_gmt":"2025-09-16T13:19:31","slug":"raporlama-is-zekasi","status":"publish","type":"page","link":"https:\/\/renewasoft.com.tr\/index.php\/tr\/raporlama-is-zekasi\/","title":{"rendered":"Raporlama &#038; \u0130\u015f Zek\u00e2s\u0131"},"content":{"rendered":"<div class=\"wpb-content-wrapper\"><p>[vc_row][vc_column]    <!-- Start Services Single \r\n    ============================================= -->\r\n    <div class=\"services-single-area default-padding faq-area\">\r\n        <div class=\"container\">\r\n            <div class=\"row\">\r\n                <!-- Services Content -->\r\n                <div class=\"col-lg-8 services-content\">\r\n                    <div class=\"row\">\r\n                        <div class=\"col-lg-6\"><h2>Raporlama ve \u0130\u015f Zek\u00e2s\u0131 \u2013 HES\u2019ler \u0130\u00e7in Veri Analiti\u011fi ve Karar Destek<\/h2>\r\n        <p><\/p>\n<ul>\n<li>Ger\u00e7ek zamanl\u0131 raporlar ile daha h\u0131zl\u0131 ve bilin\u00e7li kararlar al\u0131n<\/li>\n<li>SCADA ve IoT sistemleri ile tam entegre veri g\u00f6rselle\u015ftirme<\/li>\n<\/ul>\n<p><\/p><a class=\"btn circle btn-md btn-gradient\" href=\"https:\/\/renewasoft.com.tr\/index.php\/tr\/iletisim\/\">Demo \u0130ste<\/a><\/div>\r\n                        <div class=\"col-lg-6\">\r\n                            <p>\r\n                               HES Y\u00f6netim Sistemi, hidroelektrik santrallerde verimli operasyonlar y\u00fcr\u00fctmek, maliyetleri azaltmak ve stratejik kararlar almak i\u00e7in geli\u015fmi\u015f raporlama ve i\u015f zek\u00e2s\u0131 \u00e7\u00f6z\u00fcmleri sunar. SCADA ve sens\u00f6r verilerini anlaml\u0131 bilgiye d\u00f6n\u00fc\u015ft\u00fcrerek y\u00f6neticilere ger\u00e7ek zamanl\u0131 analiz, trend takibi ve maliyet optimizasyonu imk\u00e2n\u0131 sa\u011flar. B\u00f6ylece santral performans\u0131 \u015feffaf bir \u015fekilde izlenir ve karar destek s\u00fcre\u00e7leri g\u00fc\u00e7lendirilir. \r\n                            <\/p>\r\n                        <\/div>\r\n                        <\/div>[vc_single_image image=&#8221;1750&#8243; img_size=&#8221;full&#8221; css=&#8221;.vc_custom_1740047355611{margin-top: 0px !important;margin-right: 0px !important;margin-bottom: 0px !important;margin-left: 0px !important;border-top-width: 0px !important;border-right-width: 0px !important;border-bottom-width: 0px !important;border-left-width: 0px !important;padding-top: 0px !important;padding-right: 0px !important;padding-bottom: 0px !important;padding-left: 0px !important;}&#8221;][vc_column_text css=&#8221;.vc_custom_1740046939303{margin-top: 0px !important;margin-right: 0px !important;margin-bottom: 0px !important;margin-left: 0px !important;border-top-width: 0px !important;border-right-width: 0px !important;border-bottom-width: 0px !important;border-left-width: 0px !important;padding-top: 0px !important;padding-right: 0px !important;padding-bottom: 0px !important;padding-left: 0px !important;}&#8221;]<\/p>\n<h2>\u0130\u015f Zekas\u0131 \u00c7\u00f6z\u00fcmlerimiz ile Neler Sa\u011fl\u0131yoruz?<\/h2>\n<p>[\/vc_column_text][vc_column_text css=&#8221;.vc_custom_1740046947697{margin-top: 0px !important;margin-right: 0px !important;margin-bottom: 0px !important;margin-left: 0px !important;border-top-width: 0px !important;border-right-width: 0px !important;border-bottom-width: 0px !important;border-left-width: 0px !important;padding-top: 0px !important;padding-right: 0px !important;padding-bottom: 0px !important;padding-left: 0px !important;}&#8221;]\ud83d\udd39 SCADA, IoT ve di\u011fer enerji y\u00f6netim sistemlerinden gelen verileri anl\u0131k olarak analiz ederek i\u015fletmelerin operasyonel s\u00fcre\u00e7lerini daha iyi y\u00f6netmesini sa\u011fl\u0131yoruz.<br data-start=\"1118\" data-end=\"1121\" \/>\ud83d\udd39 <strong data-start=\"1124\" data-end=\"1160\">Geli\u015fmi\u015f karar destek sistemleri<\/strong>, b\u00fcy\u00fck veriyi i\u015fleyerek enerji \u00fcretimi, t\u00fcketimi, bak\u0131m ve finansal s\u00fcre\u00e7ler i\u00e7in kritik analizler sunar.[\/vc_column_text][vc_column_text css=&#8221;.vc_custom_1740046956164{margin-top: 25px !important;margin-right: 0px !important;margin-bottom: 15px !important;margin-left: 0px !important;border-top-width: 0px !important;border-right-width: 0px !important;border-bottom-width: 0px !important;border-left-width: 0px !important;padding-top: 0px !important;padding-right: 0px !important;padding-bottom: 0px !important;padding-left: 0px !important;}&#8221;]<\/p>\n<h4>\ud83d\udcc8 Geli\u015fmi\u015f Raporlama ve Veri G\u00f6rselle\u015ftirme<\/h4>\n<p>[\/vc_column_text][vc_column_text css=&#8221;.vc_custom_1740046963824{margin-top: 0px !important;margin-right: 0px !important;margin-bottom: 0px !important;margin-left: 0px !important;border-top-width: 0px !important;border-right-width: 0px !important;border-bottom-width: 0px !important;border-left-width: 0px !important;padding-top: 0px !important;padding-right: 0px !important;padding-bottom: 0px !important;padding-left: 0px !important;}&#8221;]\ud83d\udd39 \u00d6zelle\u015ftirilmi\u015f g\u00f6sterge panelleri ve dinamik grafikler ile enerji t\u00fcketimi, \u00fcretim kapasitesi ve performans verilerini detayl\u0131 olarak takip edebilirsiniz.<br data-start=\"1483\" data-end=\"1486\" \/>\ud83d\udd39 <strong data-start=\"1489\" data-end=\"1533\">Veri madencili\u011fi ve tahminleme modelleri<\/strong>, enerji \u00fcretim trendlerini analiz ederek gelece\u011fe y\u00f6nelik planlamalar yapman\u0131za yard\u0131mc\u0131 olur.[\/vc_column_text][vc_column_text css=&#8221;.vc_custom_1740046971111{margin-top: 25px !important;margin-right: 0px !important;margin-bottom: 15px !important;margin-left: 0px !important;border-top-width: 0px !important;border-right-width: 0px !important;border-bottom-width: 0px !important;border-left-width: 0px !important;padding-top: 0px !important;padding-right: 0px !important;padding-bottom: 0px !important;padding-left: 0px !important;}&#8221;]<\/p>\n<h4>\u26a1 Enerji Piyasas\u0131 Analizleri ve Risk Y\u00f6netimi<\/h4>\n<p>[\/vc_column_text][vc_column_text css=&#8221;.vc_custom_1740046981119{margin-top: 0px !important;margin-right: 0px !important;margin-bottom: 0px !important;margin-left: 0px !important;border-top-width: 0px !important;border-right-width: 0px !important;border-bottom-width: 0px !important;border-left-width: 0px !important;padding-top: 0px !important;padding-right: 0px !important;padding-bottom: 0px !important;padding-left: 0px !important;}&#8221;]\ud83d\udd39 <strong data-start=\"1691\" data-end=\"1723\">Elektrik piyasas\u0131 analizleri<\/strong> ile talep tahminleri yaparak piyasa fiyatlar\u0131n\u0131 optimize edebilir, daha k\u00e2rl\u0131 sat\u0131\u015f stratejileri olu\u015fturabilirsiniz.<br data-start=\"1840\" data-end=\"1843\" \/>\ud83d\udd39 <strong data-start=\"1846\" data-end=\"1872\">Risk y\u00f6netimi ara\u00e7lar\u0131<\/strong>, enerji sekt\u00f6r\u00fcndeki fiyat dalgalanmalar\u0131n\u0131 ve \u00fcretim kapasitesindeki de\u011fi\u015fimleri analiz ederek <strong data-start=\"1969\" data-end=\"1999\">riskleri minimize etmenize<\/strong> yard\u0131mc\u0131 olur.[\/vc_column_text][vc_column_text css=&#8221;.vc_custom_1740047000077{margin-top: 25px !important;margin-right: 0px !important;margin-bottom: 15px !important;margin-left: 0px !important;border-top-width: 0px !important;border-right-width: 0px !important;border-bottom-width: 0px !important;border-left-width: 0px !important;padding-top: 0px !important;padding-right: 0px !important;padding-bottom: 0px !important;padding-left: 0px !important;}&#8221;]<\/p>\n<h4>\ud83d\udcb0 Maliyet Optimizasyonu ve Verimlilik Art\u0131\u015f\u0131<\/h4>\n<p>[\/vc_column_text][vc_column_text css=&#8221;.vc_custom_1740047007687{margin-top: 0px !important;margin-right: 0px !important;margin-bottom: 0px !important;margin-left: 0px !important;border-top-width: 0px !important;border-right-width: 0px !important;border-bottom-width: 0px !important;border-left-width: 0px !important;padding-top: 0px !important;padding-right: 0px !important;padding-bottom: 0px !important;padding-left: 0px !important;}&#8221;]\ud83d\udd39 <strong data-start=\"2077\" data-end=\"2099\">Maliyet analizleri<\/strong>, gereksiz harcamalar\u0131 tespit ederek i\u015fletme giderlerini azaltman\u0131z\u0131 sa\u011flar.<br data-start=\"2175\" data-end=\"2178\" \/>\ud83d\udd39 Enerji verimlili\u011fi art\u0131rma teknikleriyle <strong data-start=\"2222\" data-end=\"2259\">operasyonel maliyetleri d\u00fc\u015f\u00fcrerek<\/strong> uzun vadeli k\u00e2rl\u0131l\u0131\u011f\u0131 destekliyoruz.[\/vc_column_text][vc_column_text css=&#8221;.vc_custom_1740047023781{margin-top: 25px !important;margin-right: 0px !important;margin-bottom: 15px !important;margin-left: 0px !important;border-top-width: 0px !important;border-right-width: 0px !important;border-bottom-width: 0px !important;border-left-width: 0px !important;padding-top: 0px !important;padding-right: 0px !important;padding-bottom: 0px !important;padding-left: 0px !important;}&#8221;]<\/p>\n<h4>\ud83d\udd04 Entegre \u00c7\u00f6z\u00fcmler ile \u0130\u015f Ak\u0131\u015flar\u0131n\u0131 Otomatikle\u015ftirme<\/h4>\n<p>[\/vc_column_text][vc_column_text css=&#8221;.vc_custom_1740047030918{margin-top: 0px !important;margin-right: 0px !important;margin-bottom: 0px !important;margin-left: 0px !important;border-top-width: 0px !important;border-right-width: 0px !important;border-bottom-width: 0px !important;border-left-width: 0px !important;padding-top: 0px !important;padding-right: 0px !important;padding-bottom: 0px !important;padding-left: 0px !important;}&#8221;]\ud83d\udd39 SCADA ve IoT sistemleriyle entegrasyon sa\u011flayarak, enerji \u00fcretim s\u00fcre\u00e7lerinin <strong data-start=\"2446\" data-end=\"2474\">daha otomatik ve verimli<\/strong> hale gelmesini sa\u011fl\u0131yoruz.<br data-start=\"2501\" data-end=\"2504\" \/>\ud83d\udd39 <strong data-start=\"2507\" data-end=\"2551\">Yapay zeka destekli raporlama sistemleri<\/strong>, y\u00f6neticilerin do\u011fru zamanda do\u011fru kararlar almas\u0131na yard\u0131mc\u0131 olur.[\/vc_column_text]<div class=\"faq-content\">\r\n                        <div class=\"accordion\" id=\"accordionExample\"><div class=\"card\">\r\n                                <div class=\"card-header\" id=\"headingOne\">\r\n                                    <h4 class=\"mb-0\" data-toggle=\"collapse\" data-target=\"#collapseOne\" aria-expanded=\"true\" aria-controls=\"collapseOne\">\r\n                                          \u0130\u015f Zekas\u0131 \u00c7\u00f6z\u00fcmleri enerji sekt\u00f6r\u00fcne nas\u0131l fayda sa\u011flar?\r\n                                    <\/h4>\r\n                                <\/div>\r\n\r\n                                <div id=\"collapseOne\" class=\"collapse show\" aria-labelledby=\"headingOne\" data-parent=\"#accordionExample\">\r\n                                    <div class=\"card-body\">\r\n                                        <p>\r\n                                            Enerji sekt\u00f6r\u00fcnde b\u00fcy\u00fck miktarda veri \u00fcretilir. \u0130\u015f Zekas\u0131 \u00c7\u00f6z\u00fcmleri, bu veriyi analiz ederek trendleri belirleme, operasyonlar\u0131 optimize etme ve daha bilin\u00e7li kararlar alma imkan\u0131 sunar. B\u00f6ylece i\u015fletmeler maliyetleri d\u00fc\u015f\u00fcrerek verimliliklerini art\u0131rabilir.\r\n                                        <\/p>\r\n                                    <\/div>\r\n                                <\/div>\r\n                            <\/div><div class=\"card\">\r\n                                <div class=\"card-header\" id=\"headingOne\">\r\n                                    <h4 class=\"mb-0\" data-toggle=\"collapse\" data-target=\"#collapseTwo\" aria-expanded=\"true\" aria-controls=\"collapseOne\">\r\n                                          SCADA sistemleri ile \u0130\u015f Zekas\u0131 \u00c7\u00f6z\u00fcmleri nas\u0131l entegre edilir?\r\n                                    <\/h4>\r\n                                <\/div>\r\n\r\n                                <div id=\"collapseTwo\" class=\"collapse\" aria-labelledby=\"headingOne\" data-parent=\"#accordionExample\">\r\n                                    <div class=\"card-body\">\r\n                                        <p>\r\n                                            \u0130\u015f Zekas\u0131 \u00c7\u00f6z\u00fcmleri, SCADA sistemlerinden gelen verileri analiz eder ve raporlama ara\u00e7lar\u0131yla kullan\u0131c\u0131 dostu bir aray\u00fczde sunar. Bu sayede ger\u00e7ek zamanl\u0131 enerji \u00fcretim ve t\u00fcketim verileri takip edilebilir, anl\u0131k m\u00fcdahaleler yap\u0131labilir.\r\n                                        <\/p>\r\n                                    <\/div>\r\n                                <\/div>\r\n                            <\/div><div class=\"card\">\r\n                                <div class=\"card-header\" id=\"headingOne\">\r\n                                    <h4 class=\"mb-0\" data-toggle=\"collapse\" data-target=\"#collapseThree\" aria-expanded=\"true\" aria-controls=\"collapseOne\">\r\n                                          Ger\u00e7ek zamanl\u0131 analizlerin i\u015fletmelere sa\u011flad\u0131\u011f\u0131 avantajlar nelerdir?\r\n                                    <\/h4>\r\n                                <\/div>\r\n\r\n                                <div id=\"collapseThree\" class=\"collapse\" aria-labelledby=\"headingOne\" data-parent=\"#accordionExample\">\r\n                                    <div class=\"card-body\">\r\n                                        <p>\r\n                                            Ger\u00e7ek zamanl\u0131 analizler sayesinde i\u015fletmeler:<br \/>\n\u2705 Anl\u0131k veri takibi yaparak operasyonlar\u0131n\u0131 h\u0131zland\u0131rabilir,<br \/>\n\u2705 \u00dcretim ve t\u00fcketim s\u00fcre\u00e7lerini optimize edebilir,<br \/>\n\u2705 Bak\u0131m ve ar\u0131za y\u00f6netimini iyile\u015ftirebilir,<br \/>\n\u2705 Karar alma s\u00fcre\u00e7lerini h\u0131zland\u0131rarak daha bilin\u00e7li y\u00f6netim stratejileri olu\u015fturabilir.\r\n                                        <\/p>\r\n                                    <\/div>\r\n                                <\/div>\r\n                            <\/div><\/div>\r\n                    <\/div>\r\n                <\/div>\r\n                <!-- End Services Content --><!-- Services Sidebar -->\r\n<div class=\"col-lg-4 services-sidebar\">\r\n    <aside>\r\n        <!-- Sidebar Single -->\r\n        <div class=\"sidebar-item\">\r\n            <h4 class=\"sidebar-title\">Renewasoft Hakk\u0131nda<\/h4>\r\n            <p>\r\n                Yenilik\u00e7i yaz\u0131l\u0131m \u00e7\u00f6z\u00fcm\u00fcm\u00fczle enerji sekt\u00f6r\u00fcn\u00fcn dijital d\u00f6n\u00fc\u015f\u00fcm\u00fcn\u00fc destekliyoruz. Hidroelektrik santralleri ve enerji y\u00f6netim sistemleri i\u00e7in yapay zeka tabanl\u0131 enerji \u00fcretim tahmini, kestirimci bak\u0131m, veri analiti\u011fi ve SCADA entegrasyonu sunarak operasyonel verimlili\u011fi art\u0131r\u0131yoruz.\r\n            <\/p><\/div>\r\n        <!-- Sidebar Single --><!-- Sidebar Single -->\r\n        <div class=\"sidebar-item\">\r\n            <h4 class=\"sidebar-title\">Bizimle \u0130leti\u015fime Ge\u00e7<\/h4>\r\n            <ul class=\"contact\"><li>\r\n                    <div class=\"icon\">\r\n                        <i class=\"flaticon-email\"><\/i>\r\n                    <\/div>\r\n                    <div class=\"info\">\r\n                        <span>Email<\/span> info@renewasoft.com.tr\r\n                    <\/div>\r\n                <\/li><li>\r\n                    <div class=\"icon\">\r\n                        <i class=\"flaticon-countdown\"><\/i>\r\n                    <\/div>\r\n                    <div class=\"info\">\r\n                        <span>\u00c7al\u0131\u015fma Saatleri<\/span> 7\/24\r\n                    <\/div>\r\n                <\/li><\/ul>\r\n        <\/div>\r\n        <!-- Sidebar Single --><\/aside>\r\n<\/div>\r\n<!-- End Services Sidebar -->\r\n<\/div>\r\n<\/div>\r\n<\/div>\r\n<!-- End Services Single -->[\/vc_column][\/vc_row]<\/p>\n<\/div>","protected":false},"excerpt":{"rendered":"<p>[vc_row][vc_column][vc_single_image image=&#8221;1750&#8243; img_size=&#8221;full&#8221; css=&#8221;.vc_custom_1740047355611{margin-top: 0px !important;margin-right: 0px !important;margin-bottom: 0px !important;margin-left: 0px !important;border-top-width: 0px !important;border-right-width: 0px !important;border-bottom-width: 0px !important;border-left-width: 0px !important;padding-top: 0px !important;padding-right: 0px !important;padding-bottom: 0px !important;padding-left: 0px !important;}&#8221;][vc_column_text css=&#8221;.vc_custom_1740046939303{margin-top: 0px !important;margin-right: 0px !important;margin-bottom: 0px !important;margin-left: 0px !important;border-top-width: 0px !important;border-right-width: 0px !important;border-bottom-width: 0px !important;border-left-width: 0px !important;padding-top: 0px !important;padding-right: 0px !important;padding-bottom: 0px !important;padding-left: 0px !important;}&#8221;] \u0130\u015f Zekas\u0131 [&hellip;]<\/p>\n","protected":false},"author":1,"featured_media":0,"parent":0,"menu_order":0,"comment_status":"closed","ping_status":"closed","template":"page-templates\/pages.php","meta":{"footnotes":""},"class_list":["post-1839","page","type-page","status-publish","hentry"],"yoast_head":"<!-- This site is optimized with the Yoast SEO plugin v24.7 - https:\/\/yoast.com\/wordpress\/plugins\/seo\/ -->\n<title>Raporlama &amp; \u0130\u015f Zek\u00e2s\u0131 - Renewasoft Enerji ve Yaz\u0131l\u0131m A.\u015e<\/title>\n<meta name=\"robots\" content=\"index, follow, max-snippet:-1, max-image-preview:large, max-video-preview:-1\" \/>\n<link rel=\"canonical\" href=\"https:\/\/renewasoft.com.tr\/index.php\/tr\/raporlama-is-zekasi\/\" \/>\n<meta property=\"og:locale\" content=\"tr_TR\" \/>\n<meta property=\"og:type\" content=\"article\" \/>\n<meta property=\"og:title\" content=\"Raporlama &amp; \u0130\u015f Zek\u00e2s\u0131 - Renewasoft Enerji ve Yaz\u0131l\u0131m A.\u015e\" \/>\n<meta property=\"og:description\" content=\"[vc_row][vc_column][vc_single_image image=&#8221;1750&#8243; img_size=&#8221;full&#8221; css=&#8221;.vc_custom_1740047355611{margin-top: 0px !important;margin-right: 0px !important;margin-bottom: 0px !important;margin-left: 0px !important;border-top-width: 0px !important;border-right-width: 0px !important;border-bottom-width: 0px !important;border-left-width: 0px !important;padding-top: 0px !important;padding-right: 0px !important;padding-bottom: 0px !important;padding-left: 0px !important;}&#8221;][vc_column_text css=&#8221;.vc_custom_1740046939303{margin-top: 0px !important;margin-right: 0px !important;margin-bottom: 0px !important;margin-left: 0px !important;border-top-width: 0px !important;border-right-width: 0px !important;border-bottom-width: 0px !important;border-left-width: 0px !important;padding-top: 0px !important;padding-right: 0px !important;padding-bottom: 0px !important;padding-left: 0px !important;}&#8221;] \u0130\u015f Zekas\u0131 [&hellip;]\" \/>\n<meta property=\"og:url\" content=\"https:\/\/renewasoft.com.tr\/index.php\/tr\/raporlama-is-zekasi\/\" \/>\n<meta property=\"og:site_name\" content=\"Renewasoft Enerji ve Yaz\u0131l\u0131m A.\u015e\" \/>\n<meta property=\"article:modified_time\" content=\"2025-09-16T13:19:31+00:00\" \/>\n<meta name=\"twitter:card\" content=\"summary_large_image\" \/>\n<meta name=\"twitter:label1\" content=\"Tahmini okuma s\u00fcresi\" \/>\n\t<meta name=\"twitter:data1\" content=\"5 dakika\" \/>\n<script type=\"application\/ld+json\" class=\"yoast-schema-graph\">{\"@context\":\"https:\/\/schema.org\",\"@graph\":[{\"@type\":\"WebPage\",\"@id\":\"https:\/\/renewasoft.com.tr\/index.php\/tr\/raporlama-is-zekasi\/\",\"url\":\"https:\/\/renewasoft.com.tr\/index.php\/tr\/raporlama-is-zekasi\/\",\"name\":\"Raporlama & \u0130\u015f Zek\u00e2s\u0131 - Renewasoft Enerji ve Yaz\u0131l\u0131m A.\u015e\",\"isPartOf\":{\"@id\":\"https:\/\/renewasoft.com.tr\/#website\"},\"datePublished\":\"2025-02-20T09:39:28+00:00\",\"dateModified\":\"2025-09-16T13:19:31+00:00\",\"breadcrumb\":{\"@id\":\"https:\/\/renewasoft.com.tr\/index.php\/tr\/raporlama-is-zekasi\/#breadcrumb\"},\"inLanguage\":\"tr\",\"potentialAction\":[{\"@type\":\"ReadAction\",\"target\":[\"https:\/\/renewasoft.com.tr\/index.php\/tr\/raporlama-is-zekasi\/\"]}]},{\"@type\":\"BreadcrumbList\",\"@id\":\"https:\/\/renewasoft.com.tr\/index.php\/tr\/raporlama-is-zekasi\/#breadcrumb\",\"itemListElement\":[{\"@type\":\"ListItem\",\"position\":1,\"name\":\"Anasayfa\",\"item\":\"https:\/\/renewasoft.com.tr\/index.php\/tr\/ana-sayfa\/\"},{\"@type\":\"ListItem\",\"position\":2,\"name\":\"Raporlama &#038; \u0130\u015f Zek\u00e2s\u0131\"}]},{\"@type\":\"WebSite\",\"@id\":\"https:\/\/renewasoft.com.tr\/#website\",\"url\":\"https:\/\/renewasoft.com.tr\/\",\"name\":\"Renewasoft Enerji ve Yaz\u0131l\u0131m A.\u015e\",\"description\":\"\",\"publisher\":{\"@id\":\"https:\/\/renewasoft.com.tr\/#organization\"},\"potentialAction\":[{\"@type\":\"SearchAction\",\"target\":{\"@type\":\"EntryPoint\",\"urlTemplate\":\"https:\/\/renewasoft.com.tr\/?s={search_term_string}\"},\"query-input\":{\"@type\":\"PropertyValueSpecification\",\"valueRequired\":true,\"valueName\":\"search_term_string\"}}],\"inLanguage\":\"tr\"},{\"@type\":\"Organization\",\"@id\":\"https:\/\/renewasoft.com.tr\/#organization\",\"name\":\"Renewasoft Enerji ve Yaz\u0131l\u0131m A.\u015e\",\"url\":\"https:\/\/renewasoft.com.tr\/\",\"logo\":{\"@type\":\"ImageObject\",\"inLanguage\":\"tr\",\"@id\":\"https:\/\/renewasoft.com.tr\/#\/schema\/logo\/image\/\",\"url\":\"https:\/\/renewasoft.com.tr\/wp-content\/uploads\/2025\/03\/images.jpg\",\"contentUrl\":\"https:\/\/renewasoft.com.tr\/wp-content\/uploads\/2025\/03\/images.jpg\",\"width\":225,\"height\":225,\"caption\":\"Renewasoft Enerji ve Yaz\u0131l\u0131m A.\u015e\"},\"image\":{\"@id\":\"https:\/\/renewasoft.com.tr\/#\/schema\/logo\/image\/\"},\"sameAs\":[\"https:\/\/www.linkedin.com\/company\/renewasoft\/\"]}]}<\/script>\n<!-- \/ Yoast SEO plugin. -->","yoast_head_json":{"title":"Raporlama & \u0130\u015f Zek\u00e2s\u0131 - Renewasoft Enerji ve Yaz\u0131l\u0131m A.\u015e","robots":{"index":"index","follow":"follow","max-snippet":"max-snippet:-1","max-image-preview":"max-image-preview:large","max-video-preview":"max-video-preview:-1"},"canonical":"https:\/\/renewasoft.com.tr\/index.php\/tr\/raporlama-is-zekasi\/","og_locale":"tr_TR","og_type":"article","og_title":"Raporlama & \u0130\u015f Zek\u00e2s\u0131 - Renewasoft Enerji ve Yaz\u0131l\u0131m A.\u015e","og_description":"[vc_row][vc_column][vc_single_image image=&#8221;1750&#8243; img_size=&#8221;full&#8221; css=&#8221;.vc_custom_1740047355611{margin-top: 0px !important;margin-right: 0px !important;margin-bottom: 0px !important;margin-left: 0px !important;border-top-width: 0px !important;border-right-width: 0px !important;border-bottom-width: 0px !important;border-left-width: 0px !important;padding-top: 0px !important;padding-right: 0px !important;padding-bottom: 0px !important;padding-left: 0px !important;}&#8221;][vc_column_text css=&#8221;.vc_custom_1740046939303{margin-top: 0px !important;margin-right: 0px !important;margin-bottom: 0px !important;margin-left: 0px !important;border-top-width: 0px !important;border-right-width: 0px !important;border-bottom-width: 0px !important;border-left-width: 0px !important;padding-top: 0px !important;padding-right: 0px !important;padding-bottom: 0px !important;padding-left: 0px !important;}&#8221;] \u0130\u015f Zekas\u0131 [&hellip;]","og_url":"https:\/\/renewasoft.com.tr\/index.php\/tr\/raporlama-is-zekasi\/","og_site_name":"Renewasoft Enerji ve Yaz\u0131l\u0131m A.\u015e","article_modified_time":"2025-09-16T13:19:31+00:00","twitter_card":"summary_large_image","twitter_misc":{"Tahmini okuma s\u00fcresi":"5 dakika"},"schema":{"@context":"https:\/\/schema.org","@graph":[{"@type":"WebPage","@id":"https:\/\/renewasoft.com.tr\/index.php\/tr\/raporlama-is-zekasi\/","url":"https:\/\/renewasoft.com.tr\/index.php\/tr\/raporlama-is-zekasi\/","name":"Raporlama & \u0130\u015f Zek\u00e2s\u0131 - Renewasoft Enerji ve Yaz\u0131l\u0131m A.\u015e","isPartOf":{"@id":"https:\/\/renewasoft.com.tr\/#website"},"datePublished":"2025-02-20T09:39:28+00:00","dateModified":"2025-09-16T13:19:31+00:00","breadcrumb":{"@id":"https:\/\/renewasoft.com.tr\/index.php\/tr\/raporlama-is-zekasi\/#breadcrumb"},"inLanguage":"tr","potentialAction":[{"@type":"ReadAction","target":["https:\/\/renewasoft.com.tr\/index.php\/tr\/raporlama-is-zekasi\/"]}]},{"@type":"BreadcrumbList","@id":"https:\/\/renewasoft.com.tr\/index.php\/tr\/raporlama-is-zekasi\/#breadcrumb","itemListElement":[{"@type":"ListItem","position":1,"name":"Anasayfa","item":"https:\/\/renewasoft.com.tr\/index.php\/tr\/ana-sayfa\/"},{"@type":"ListItem","position":2,"name":"Raporlama &#038; \u0130\u015f Zek\u00e2s\u0131"}]},{"@type":"WebSite","@id":"https:\/\/renewasoft.com.tr\/#website","url":"https:\/\/renewasoft.com.tr\/","name":"Renewasoft Enerji ve Yaz\u0131l\u0131m A.\u015e","description":"","publisher":{"@id":"https:\/\/renewasoft.com.tr\/#organization"},"potentialAction":[{"@type":"SearchAction","target":{"@type":"EntryPoint","urlTemplate":"https:\/\/renewasoft.com.tr\/?s={search_term_string}"},"query-input":{"@type":"PropertyValueSpecification","valueRequired":true,"valueName":"search_term_string"}}],"inLanguage":"tr"},{"@type":"Organization","@id":"https:\/\/renewasoft.com.tr\/#organization","name":"Renewasoft Enerji ve Yaz\u0131l\u0131m A.\u015e","url":"https:\/\/renewasoft.com.tr\/","logo":{"@type":"ImageObject","inLanguage":"tr","@id":"https:\/\/renewasoft.com.tr\/#\/schema\/logo\/image\/","url":"https:\/\/renewasoft.com.tr\/wp-content\/uploads\/2025\/03\/images.jpg","contentUrl":"https:\/\/renewasoft.com.tr\/wp-content\/uploads\/2025\/03\/images.jpg","width":225,"height":225,"caption":"Renewasoft Enerji ve Yaz\u0131l\u0131m A.\u015e"},"image":{"@id":"https:\/\/renewasoft.com.tr\/#\/schema\/logo\/image\/"},"sameAs":["https:\/\/www.linkedin.com\/company\/renewasoft\/"]}]}},"_links":{"self":[{"href":"https:\/\/renewasoft.com.tr\/index.php\/wp-json\/wp\/v2\/pages\/1839","targetHints":{"allow":["GET"]}}],"collection":[{"href":"https:\/\/renewasoft.com.tr\/index.php\/wp-json\/wp\/v2\/pages"}],"about":[{"href":"https:\/\/renewasoft.com.tr\/index.php\/wp-json\/wp\/v2\/types\/page"}],"author":[{"embeddable":true,"href":"https:\/\/renewasoft.com.tr\/index.php\/wp-json\/wp\/v2\/users\/1"}],"replies":[{"embeddable":true,"href":"https:\/\/renewasoft.com.tr\/index.php\/wp-json\/wp\/v2\/comments?post=1839"}],"version-history":[{"count":7,"href":"https:\/\/renewasoft.com.tr\/index.php\/wp-json\/wp\/v2\/pages\/1839\/revisions"}],"predecessor-version":[{"id":2609,"href":"https:\/\/renewasoft.com.tr\/index.php\/wp-json\/wp\/v2\/pages\/1839\/revisions\/2609"}],"wp:attachment":[{"href":"https:\/\/renewasoft.com.tr\/index.php\/wp-json\/wp\/v2\/media?parent=1839"}],"curies":[{"name":"wp","href":"https:\/\/api.w.org\/{rel}","templated":true}]}}