{"id":1937,"date":"2025-03-11T10:28:04","date_gmt":"2025-03-11T10:28:04","guid":{"rendered":"https:\/\/renewasoft.com.tr\/?page_id=1937"},"modified":"2025-11-25T13:03:46","modified_gmt":"2025-11-25T13:03:46","slug":"about-us","status":"publish","type":"page","link":"https:\/\/renewasoft.com.tr\/index.php\/en\/about-us\/","title":{"rendered":"About Us"},"content":{"rendered":"<div class=\"wpb-content-wrapper\"><p>[vc_row][vc_column]<!-- Start Our About\r\n============================================= -->\r\n<div class=\"about-area bg-gray overflow-hidden rectangular-shape default-padding\">\r\n    <div class=\"container\">\r\n        <div class=\"about-items choseus-items right-thumb\">\r\n            <div class=\"row align-center\">\r\n                <div class=\"col-lg-6\">\r\n                    <div class=\"info wow fadeInLeft\">\r\n                        <h2>AI-Powered Smart Energy Management with HYDROWISE<\/h2>\r\n                        <p>\r\n                            At Renewasoft, we are an innovation-driven startup building HYDROWISE \u2013 an AI-powered Hydropower Management System designed specifically for run-of-river hydropower plants. Our mission is to lead the digital transformation of the energy sector through advanced energy forecasting, data analytics, and intelligent automation.<\/p>\n<p>HYDROWISE integrates AI-based production forecasting, predictive maintenance, water flow forecasting, meteorological data processing, SCADA integration, and big data analytics into a single cloud-native platform. This enables hydropower plants to increase operational efficiency, reduce risks, and achieve sustainable energy production.<\/p>\n<p>Our business model has been recognized with the Seal of Excellence under the Investment-Based Entrepreneurship Support Program led by T\u00dcB\u0130TAK, Turkey\u2019s leading scientific and research institution. HYDROWISE is supported by T\u00dcB\u0130TAK\u2019s pre-seed investment, and T\u00dcB\u0130TAK holds a 3% equity stake as a shareholder of Renewasoft.<\/p>\n<p>\ud83d\udccd We continue our R&amp;D and product development activities at Dijitalpark Technopark \u2013 Rize Campus, shaping the future of digital energy management. \r\n                        <\/p>\r\n                        <h4>Kickstart Your AI Transformation in Just 3 Steps!<\/h4>\r\n                        <ul><li>\r\n                <span><i class=\"ti-check\"><\/i> SCADA &amp; IoT Sensor Integration of Artificial Intelligence Data<\/span>\r\n                <\/li><li>\r\n                <span><i class=\"ti-check\"><\/i> Artificial Intelligence-Assisted Analysis of Location-Based Weather Data<\/span>\r\n                <\/li><li>\r\n                <span><i class=\"ti-check\"><\/i> Artificial Intelligence-Assisted Analysis of Water Flow Data<\/span>\r\n                <\/li><\/ul>\r\n                    <\/div>\r\n                <\/div>\r\n                <div class=\"col-lg-6\">\r\n                    <div class=\"thumb wow fadeInUp\" data-wow-delay=\"0.5s\">\r\n                        <img decoding=\"async\" src=\"https:\/\/renewasoft.com.tr\/wp-content\/uploads\/2020\/07\/9.png\" alt=\"Thumb\">\r\n                    <\/div>\r\n                <\/div>\r\n            <\/div>\r\n        <\/div>\r\n    <\/div>\r\n<\/div>\r\n<!-- End Our About -->[\/vc_column][\/vc_row][vc_row][vc_column]<!-- Star Features\r\n    ============================================= -->\r\n    <div class=\"features-list bottom-less text-light bg-gray\">\r\n        <div class=\"container\">\r\n            <div class=\"row\"><!-- Single Item -->\r\n                <div class=\"single-item col-lg-4\">\r\n                    <div class=\"item wow fadeInUp\" data-wow-delay=\"400ms\">\r\n                        <i class=\"flaticon-server-2\"><\/i>\r\n                        <h4>AI Smart Energy Management<\/h4>\r\n                        <ul>\r\n                            <li>Real-Time Analysis with AI-Powered SCADA and IoT Data<\/li>\r\n                            <li>AI-Powered Automated Energy Forecasting and Optimization<\/li>\r\n                            <li>Efficient Energy Management with AI-Powered Decision Support Systems<\/li>\r\n                            <li>AI-Powered Integration with EP\u0130A\u015e (Energy Markets Operation Corporation) Data<\/li>\r\n                        <\/ul>\r\n                    <\/div>\r\n                <\/div>\r\n                <!-- Single Item --><!-- Single Item -->\r\n                <div class=\"single-item col-lg-4\">\r\n                    <div class=\"item wow fadeInUp\" data-wow-delay=\"400ms\">\r\n                        <i class=\"flaticon-robot\"><\/i>\r\n                        <h4>AI Image Processing and Water Flow Forecasting<\/h4>\r\n                        <ul>\r\n                            <li>AI-Powered Forecasting of Generated Water Flow Data<\/li>\r\n                            <li>AI-Powered Image Processing-Based River Management<\/li>\r\n                            <li>AI-Powered Radar and Camera-Based Flow Measurement Systems<\/li>\r\n                            <li>AI-Powered Water Forecasting Integrated with Meteorological Data<\/li>\r\n                        <\/ul>\r\n                    <\/div>\r\n                <\/div>\r\n                <!-- Single Item --><!-- Single Item -->\r\n                <div class=\"single-item col-lg-4\">\r\n                    <div class=\"item wow fadeInUp\" data-wow-delay=\"400ms\">\r\n                        <i class=\"flaticon-machine-learning-1\"><\/i>\r\n                        <h4>AI Predictive Maintenance Solutions<\/h4>\r\n                        <ul>\r\n                            <li>Preventive Maintenance through AI-Powered Fault Prediction<\/li>\r\n                            <li>AI-Powered Fault Prediction Integrated with SCADA Systems<\/li>\r\n                            <li>Reducing Maintenance Costs with AI-Powered Solutions<\/li>\r\n                            <li>Data Analytics for Uninterrupted Energy Production with AI-Powered Solutions<\/li>\r\n                        <\/ul>\r\n                    <\/div>\r\n                <\/div>\r\n                <!-- Single Item --><img decoding=\"async\" src=\"https:\/\/renewasoft.com.tr\/wp-content\/uploads\/2025\/10\/Ekran-goruntusu-2025-10-17-161501-1.png\" alt=\"Thumb\"><img decoding=\"async\" src=\"https:\/\/renewasoft.com.tr\/wp-content\/uploads\/2025\/10\/Ekran-goruntusu-2025-10-17-161501-1.png\" alt=\"Thumb\"><!-- Single Item -->\r\n                <div class=\"single-item col-lg-4\">\r\n                    <div class=\"item wow fadeInUp\" data-wow-delay=\"400ms\">\r\n                        <i class=\"flaticon-machine-learning-1\"><\/i>\r\n                        <h4>AI Meteorological Data Analysis<\/h4>\r\n                        <ul>\r\n                            <li>Energy Forecasting Using AI-Powered Weather Variables<\/li>\r\n                            <li>AI-Powered Integration of Water Flow and Weather Data<\/li>\r\n                            <li>Analysis with AI-Powered Wind, Precipitation, and Temperature Data<\/li>\r\n                            <li>Data Optimization for Energy Resources with AI-Powered Solutions<\/li>\r\n                        <\/ul>\r\n                    <\/div>\r\n                <\/div>\r\n                <!-- Single Item --><\/div>\r\n        <\/div>\r\n        <!-- Fixed BG -->\r\n        <div class=\"fixed-bg\" style=\"background-image: url(https:\/\/renewasoft.com.tr\/wp-content\/uploads\/2020\/07\/9.svg);\"><\/div>\r\n        <!-- Fixed BG -->\r\n    <\/div>\r\n    <!-- End Features -->[\/vc_column][\/vc_row][vc_row][vc_column]<!-- Start Skill Area\r\n============================================= -->\r\n<div class=\"skill-area overflow-hidden center-mobile circular-shape default-padding\">\r\n    <div class=\"container\">\r\n        <div class=\"skill-items\">\r\n            <div class=\"row\">\r\n                <div class=\"col-lg-6 info\">\r\n                    <h2>Competencies<\/h2>\r\n                    <h3>Digital Transformation and Smart Energy Management<\/h3>\r\n                    <p>\r\n                        HYDROWISE is an integrated AI platform that enables end-to-end digital transformation for hydropower plants.<br \/>\nIt unifies real-time energy management, data analytics, AI-powered production forecasting, computer-vision\u2013based water flow estimation, predictive maintenance, meteorological data analysis, feasibility assessments, and decision-support systems within a single cloud-native architecture.<\/p>\n<p>Through this comprehensive ecosystem, hydropower plants achieve more efficient, more secure, and more sustainable operational performance.\r\n                    <\/p>\r\n                    <div class=\"skill-items\"><\/div>\r\n                    <\/div>\r\n                    <div class=\"col-lg-6 thumb\">\r\n                        <div class=\"image-box\">\r\n                            <img decoding=\"async\" class=\"wow fadeInRight\" data-wow-delay=\"0.6s\" src=\"https:\/\/renewasoft.com.tr\/wp-content\/uploads\/2025\/02\/add-scada-symbol-widget-2-ce.png\" alt=\"Thumb\">\r\n                            <img decoding=\"async\" class=\"wow fadeInLeft\" data-wow-delay=\"0.8s\"  src=\"https:\/\/renewasoft.com.tr\/wp-content\/uploads\/2025\/02\/bachmann-atvise-scada-opc-ua-mqtt.png\" alt=\"Thumb\">\r\n                        <\/div>\r\n                    <\/div>\r\n                <\/div>\r\n            <\/div>\r\n        <\/div>\r\n    <\/div>\r\n    <!-- End Skill Area -->[\/vc_column][\/vc_row]<\/p>\n<\/div>","protected":false},"excerpt":{"rendered":"<p>[vc_row][vc_column][\/vc_column][\/vc_row][vc_row][vc_column][\/vc_column][\/vc_row][vc_row][vc_column][\/vc_column][\/vc_row]<\/p>\n","protected":false},"author":1,"featured_media":0,"parent":0,"menu_order":0,"comment_status":"closed","ping_status":"closed","template":"page-templates\/pages.php","meta":{"footnotes":""},"class_list":["post-1937","page","type-page","status-publish","hentry"],"yoast_head":"<!-- This site is optimized with the Yoast SEO plugin v24.7 - https:\/\/yoast.com\/wordpress\/plugins\/seo\/ -->\n<title>About Us - Renewasoft Enerji ve Yaz\u0131l\u0131m A.\u015e<\/title>\n<meta name=\"robots\" content=\"index, follow, max-snippet:-1, max-image-preview:large, max-video-preview:-1\" \/>\n<link rel=\"canonical\" href=\"https:\/\/renewasoft.com.tr\/index.php\/en\/about-us\/\" \/>\n<meta property=\"og:locale\" content=\"tr_TR\" \/>\n<meta property=\"og:type\" content=\"article\" \/>\n<meta property=\"og:title\" content=\"About Us - Renewasoft Enerji ve Yaz\u0131l\u0131m A.\u015e\" \/>\n<meta property=\"og:description\" content=\"[vc_row][vc_column][\/vc_column][\/vc_row][vc_row][vc_column][\/vc_column][\/vc_row][vc_row][vc_column][\/vc_column][\/vc_row]\" \/>\n<meta property=\"og:url\" content=\"https:\/\/renewasoft.com.tr\/index.php\/en\/about-us\/\" \/>\n<meta property=\"og:site_name\" content=\"Renewasoft Enerji ve Yaz\u0131l\u0131m A.\u015e\" \/>\n<meta property=\"article:modified_time\" content=\"2025-11-25T13:03:46+00:00\" \/>\n<meta name=\"twitter:card\" content=\"summary_large_image\" \/>\n<meta name=\"twitter:label1\" content=\"Tahmini okuma s\u00fcresi\" \/>\n\t<meta name=\"twitter:data1\" content=\"4 dakika\" \/>\n<script type=\"application\/ld+json\" class=\"yoast-schema-graph\">{\"@context\":\"https:\/\/schema.org\",\"@graph\":[{\"@type\":\"WebPage\",\"@id\":\"https:\/\/renewasoft.com.tr\/index.php\/en\/about-us\/\",\"url\":\"https:\/\/renewasoft.com.tr\/index.php\/en\/about-us\/\",\"name\":\"About Us - Renewasoft Enerji ve Yaz\u0131l\u0131m A.\u015e\",\"isPartOf\":{\"@id\":\"https:\/\/renewasoft.com.tr\/#website\"},\"datePublished\":\"2025-03-11T10:28:04+00:00\",\"dateModified\":\"2025-11-25T13:03:46+00:00\",\"breadcrumb\":{\"@id\":\"https:\/\/renewasoft.com.tr\/index.php\/en\/about-us\/#breadcrumb\"},\"inLanguage\":\"tr\",\"potentialAction\":[{\"@type\":\"ReadAction\",\"target\":[\"https:\/\/renewasoft.com.tr\/index.php\/en\/about-us\/\"]}]},{\"@type\":\"BreadcrumbList\",\"@id\":\"https:\/\/renewasoft.com.tr\/index.php\/en\/about-us\/#breadcrumb\",\"itemListElement\":[{\"@type\":\"ListItem\",\"position\":1,\"name\":\"Anasayfa\",\"item\":\"https:\/\/renewasoft.com.tr\/index.php\/tr\/ana-sayfa\/\"},{\"@type\":\"ListItem\",\"position\":2,\"name\":\"About Us\"}]},{\"@type\":\"WebSite\",\"@id\":\"https:\/\/renewasoft.com.tr\/#website\",\"url\":\"https:\/\/renewasoft.com.tr\/\",\"name\":\"Renewasoft Enerji ve Yaz\u0131l\u0131m A.\u015e\",\"description\":\"\",\"publisher\":{\"@id\":\"https:\/\/renewasoft.com.tr\/#organization\"},\"potentialAction\":[{\"@type\":\"SearchAction\",\"target\":{\"@type\":\"EntryPoint\",\"urlTemplate\":\"https:\/\/renewasoft.com.tr\/?s={search_term_string}\"},\"query-input\":{\"@type\":\"PropertyValueSpecification\",\"valueRequired\":true,\"valueName\":\"search_term_string\"}}],\"inLanguage\":\"tr\"},{\"@type\":\"Organization\",\"@id\":\"https:\/\/renewasoft.com.tr\/#organization\",\"name\":\"Renewasoft Enerji ve Yaz\u0131l\u0131m A.\u015e\",\"url\":\"https:\/\/renewasoft.com.tr\/\",\"logo\":{\"@type\":\"ImageObject\",\"inLanguage\":\"tr\",\"@id\":\"https:\/\/renewasoft.com.tr\/#\/schema\/logo\/image\/\",\"url\":\"https:\/\/renewasoft.com.tr\/wp-content\/uploads\/2025\/03\/images.jpg\",\"contentUrl\":\"https:\/\/renewasoft.com.tr\/wp-content\/uploads\/2025\/03\/images.jpg\",\"width\":225,\"height\":225,\"caption\":\"Renewasoft Enerji ve Yaz\u0131l\u0131m A.\u015e\"},\"image\":{\"@id\":\"https:\/\/renewasoft.com.tr\/#\/schema\/logo\/image\/\"},\"sameAs\":[\"https:\/\/www.linkedin.com\/company\/renewasoft\/\"]}]}<\/script>\n<!-- \/ Yoast SEO plugin. -->","yoast_head_json":{"title":"About Us - Renewasoft Enerji ve Yaz\u0131l\u0131m A.\u015e","robots":{"index":"index","follow":"follow","max-snippet":"max-snippet:-1","max-image-preview":"max-image-preview:large","max-video-preview":"max-video-preview:-1"},"canonical":"https:\/\/renewasoft.com.tr\/index.php\/en\/about-us\/","og_locale":"tr_TR","og_type":"article","og_title":"About Us - Renewasoft Enerji ve Yaz\u0131l\u0131m A.\u015e","og_description":"[vc_row][vc_column][\/vc_column][\/vc_row][vc_row][vc_column][\/vc_column][\/vc_row][vc_row][vc_column][\/vc_column][\/vc_row]","og_url":"https:\/\/renewasoft.com.tr\/index.php\/en\/about-us\/","og_site_name":"Renewasoft Enerji ve Yaz\u0131l\u0131m A.\u015e","article_modified_time":"2025-11-25T13:03:46+00:00","twitter_card":"summary_large_image","twitter_misc":{"Tahmini okuma s\u00fcresi":"4 dakika"},"schema":{"@context":"https:\/\/schema.org","@graph":[{"@type":"WebPage","@id":"https:\/\/renewasoft.com.tr\/index.php\/en\/about-us\/","url":"https:\/\/renewasoft.com.tr\/index.php\/en\/about-us\/","name":"About Us - Renewasoft Enerji ve Yaz\u0131l\u0131m A.\u015e","isPartOf":{"@id":"https:\/\/renewasoft.com.tr\/#website"},"datePublished":"2025-03-11T10:28:04+00:00","dateModified":"2025-11-25T13:03:46+00:00","breadcrumb":{"@id":"https:\/\/renewasoft.com.tr\/index.php\/en\/about-us\/#breadcrumb"},"inLanguage":"tr","potentialAction":[{"@type":"ReadAction","target":["https:\/\/renewasoft.com.tr\/index.php\/en\/about-us\/"]}]},{"@type":"BreadcrumbList","@id":"https:\/\/renewasoft.com.tr\/index.php\/en\/about-us\/#breadcrumb","itemListElement":[{"@type":"ListItem","position":1,"name":"Anasayfa","item":"https:\/\/renewasoft.com.tr\/index.php\/tr\/ana-sayfa\/"},{"@type":"ListItem","position":2,"name":"About Us"}]},{"@type":"WebSite","@id":"https:\/\/renewasoft.com.tr\/#website","url":"https:\/\/renewasoft.com.tr\/","name":"Renewasoft Enerji ve Yaz\u0131l\u0131m A.\u015e","description":"","publisher":{"@id":"https:\/\/renewasoft.com.tr\/#organization"},"potentialAction":[{"@type":"SearchAction","target":{"@type":"EntryPoint","urlTemplate":"https:\/\/renewasoft.com.tr\/?s={search_term_string}"},"query-input":{"@type":"PropertyValueSpecification","valueRequired":true,"valueName":"search_term_string"}}],"inLanguage":"tr"},{"@type":"Organization","@id":"https:\/\/renewasoft.com.tr\/#organization","name":"Renewasoft Enerji ve Yaz\u0131l\u0131m A.\u015e","url":"https:\/\/renewasoft.com.tr\/","logo":{"@type":"ImageObject","inLanguage":"tr","@id":"https:\/\/renewasoft.com.tr\/#\/schema\/logo\/image\/","url":"https:\/\/renewasoft.com.tr\/wp-content\/uploads\/2025\/03\/images.jpg","contentUrl":"https:\/\/renewasoft.com.tr\/wp-content\/uploads\/2025\/03\/images.jpg","width":225,"height":225,"caption":"Renewasoft Enerji ve Yaz\u0131l\u0131m A.\u015e"},"image":{"@id":"https:\/\/renewasoft.com.tr\/#\/schema\/logo\/image\/"},"sameAs":["https:\/\/www.linkedin.com\/company\/renewasoft\/"]}]}},"_links":{"self":[{"href":"https:\/\/renewasoft.com.tr\/index.php\/wp-json\/wp\/v2\/pages\/1937","targetHints":{"allow":["GET"]}}],"collection":[{"href":"https:\/\/renewasoft.com.tr\/index.php\/wp-json\/wp\/v2\/pages"}],"about":[{"href":"https:\/\/renewasoft.com.tr\/index.php\/wp-json\/wp\/v2\/types\/page"}],"author":[{"embeddable":true,"href":"https:\/\/renewasoft.com.tr\/index.php\/wp-json\/wp\/v2\/users\/1"}],"replies":[{"embeddable":true,"href":"https:\/\/renewasoft.com.tr\/index.php\/wp-json\/wp\/v2\/comments?post=1937"}],"version-history":[{"count":18,"href":"https:\/\/renewasoft.com.tr\/index.php\/wp-json\/wp\/v2\/pages\/1937\/revisions"}],"predecessor-version":[{"id":2821,"href":"https:\/\/renewasoft.com.tr\/index.php\/wp-json\/wp\/v2\/pages\/1937\/revisions\/2821"}],"wp:attachment":[{"href":"https:\/\/renewasoft.com.tr\/index.php\/wp-json\/wp\/v2\/media?parent=1937"}],"curies":[{"name":"wp","href":"https:\/\/api.w.org\/{rel}","templated":true}]}}