{"id":2090,"date":"2025-03-11T20:21:14","date_gmt":"2025-03-11T20:21:14","guid":{"rendered":"https:\/\/renewasoft.com.tr\/?page_id=2090"},"modified":"2025-09-16T13:00:17","modified_gmt":"2025-09-16T13:00:17","slug":"uretim-tahmini-ai","status":"publish","type":"page","link":"https:\/\/renewasoft.com.tr\/index.php\/tr\/uretim-tahmini-ai\/","title":{"rendered":"\u00dcretim Tahmini (AI)"},"content":{"rendered":"<div class=\"wpb-content-wrapper\"><p>[vc_row][vc_column]    <!-- Start Services Single \r\n    ============================================= -->\r\n    <div class=\"services-single-area default-padding faq-area\">\r\n        <div class=\"container\">\r\n            <div class=\"row\">\r\n                <!-- Services Content -->\r\n                <div class=\"col-lg-8 services-content\">\r\n                    <div class=\"row\">\r\n                        <div class=\"col-lg-6\"><h2>HES Y\u00f6netim Sisteminde Enerji \u00dcretim Tahmini ve Dijital D\u00f6n\u00fc\u015f\u00fcm<\/h2>\r\n        <p><\/p>\n<ul>\n<li>SCADA ve sens\u00f6r verilerini yapay zek\u00e2 destekli modellerle i\u015fleyerek saatlik ve g\u00fcnl\u00fck \u00fcretim tahmini yap\u0131n<\/li>\n<li>Kestirimci analitik ile \u00fcretim dalgalanmalar\u0131n\u0131 ve su ak\u0131\u015f\u0131ndaki de\u011fi\u015fimleri \u00f6nceden \u00f6ng\u00f6r\u00fcn<\/li>\n<\/ul>\n<p><\/p><a class=\"btn circle btn-md btn-gradient\" href=\"https:\/\/renewasoft.com.tr\/index.php\/tr\/iletisim\/\">Demo \u0130ste<\/a><\/div>\r\n                        <div class=\"col-lg-6\">\r\n                            <p>\r\n                               HES Y\u00f6netim Sistemi, hidroelektrik santrallerde enerji \u00fcretim s\u00fcre\u00e7lerinin maksimum do\u011fruluk, verimlilik ve s\u00fcrd\u00fcr\u00fclebilirlik ile y\u00f6netilmesini sa\u011flar. Geli\u015fmi\u015f veri analiti\u011fi, yapay zek\u00e2 tabanl\u0131 modelleme ve kestirimci tahminleme teknolojileri sayesinde, santral kapasitenizi g\u00fcvenle planlayabilir ve EP\u0130A\u015e g\u00fcn \u00f6ncesi tekliflerinizi optimize edebilirsiniz. \r\n                            <\/p>\r\n                        <\/div>\r\n                        <\/div>[vc_single_image image=&#8221;1748&#8243; img_size=&#8221;full&#8221; css=&#8221;&#8221;][vc_column_text css=&#8221;&#8221;]<\/p>\n<h2>\ud83c\udf0d HES Y\u00f6netim Sistemi ile Daha Verimli ve Kesintisiz Enerji \u00dcretimi<\/h2>\n<p>[\/vc_column_text][vc_column_text css=&#8221;&#8221;]<strong data-start=\"241\" data-end=\"264\">HES Y\u00f6netim Sistemi<\/strong>, yapay zek\u00e2 ve b\u00fcy\u00fck veri analiti\u011fi kullanarak hidroelektrik santrallerde \u00fcretim tahminlerini daha do\u011fru hale getirir. Geli\u015fmi\u015f algoritmalar sayesinde enerji talebini \u00f6nceden \u00f6ng\u00f6rerek \u00fcretim plan\u0131n\u0131z\u0131 optimize eder, santralinizin verimlili\u011fini en \u00fcst seviyeye \u00e7\u0131kar\u0131r.[\/vc_column_text][vc_column_text css=&#8221;&#8221;]<\/p>\n<h4>\u26a1 <strong data-start=\"92\" data-end=\"149\">SCADA ve IoT ile Ger\u00e7ek Zamanl\u0131 Enerji \u00dcretim Tahmini<\/strong><\/h4>\n<p>[\/vc_column_text][vc_column_text css=&#8221;&#8221;]<strong data-start=\"228\" data-end=\"251\">HES Y\u00f6netim Sistemi<\/strong>, SCADA ve IoT altyap\u0131s\u0131ndan gelen verileri anl\u0131k olarak i\u015fleyerek enerji \u00fcretim tahminlerini daha hassas hale getirir. Kritik bile\u015fenlerden toplanan veriler s\u00fcrekli analiz edilir, tahmin modelleri g\u00fcncellenir ve santral operasyonlar\u0131n\u0131z i\u00e7in en do\u011fru \u00f6ng\u00f6r\u00fcler elde edilir.[\/vc_column_text][vc_column_text css=&#8221;&#8221;]<\/p>\n<h4>\ud83d\udd0e Kestirimci Analiz ile Enerji \u00dcretim Tahmini ve Risk Y\u00f6netimi<\/h4>\n<p>[\/vc_column_text][vc_column_text css=&#8221;&#8221;]<strong data-start=\"177\" data-end=\"200\">HES Y\u00f6netim Sistemi<\/strong>, makine \u00f6\u011frenmesi destekli kestirimci analiz algoritmalar\u0131 ile \u00fcretim verilerini anl\u0131k olarak i\u015fler. Olas\u0131 dalgalanmalar ve kesintiler \u00f6nceden tahmin edilerek \u00fcretim planlamas\u0131 optimize edilir, beklenmedik verim kay\u0131plar\u0131 minimuma indirilir.[\/vc_column_text][vc_column_text css=&#8221;&#8221;]<\/p>\n<h4>\ud83d\udcca <strong data-start=\"93\" data-end=\"143\">Enerji \u00dcretim Tahmini ve Otomatik Veri Analizi<\/strong><\/h4>\n<p>[\/vc_column_text][vc_column_text css=&#8221;&#8221;]<strong data-start=\"182\" data-end=\"205\">HES Y\u00f6netim Sistemi<\/strong>, enerji \u00fcretim kapasitesi, talep \u00f6ng\u00f6r\u00fcleri ve sistem verimlili\u011fi gibi kritik verileri analiz ederek \u00fcretim s\u00fcre\u00e7lerinizi optimize eder. Otomatik raporlama mod\u00fclleri sayesinde anl\u0131k ve ge\u00e7mi\u015fe d\u00f6n\u00fck tahmin analizleri sunar, b\u00f6ylece y\u00f6neticilerin daha stratejik kararlar almas\u0131na destek olur.[\/vc_column_text][vc_column_text css=&#8221;&#8221;]<\/p>\n<h4>\ud83d\udd0b <strong data-start=\"93\" data-end=\"168\">Yenilenebilir Enerji Kaynaklar\u0131 i\u00e7in \u00dcretim Tahmini ve Entegre \u00c7\u00f6z\u00fcmler<\/strong><\/h4>\n<p>[\/vc_column_text][vc_column_text css=&#8221;&#8221;]<strong data-start=\"193\" data-end=\"216\">HES Y\u00f6netim Sistemi<\/strong>, hidroelektrik santraller i\u00e7in yapay zek\u00e2 destekli \u00fcretim tahmin modelleri sunar. De\u011fi\u015fken su ak\u0131\u015f\u0131 ve iklim ko\u015fullar\u0131 dikkate al\u0131narak \u00fcretim s\u00fcre\u00e7leri daha \u00f6ng\u00f6r\u00fclebilir ve verimli hale getirilir, santral operasyonlar\u0131 s\u00fcrd\u00fcr\u00fclebilir \u015fekilde y\u00f6netilir.[\/vc_column_text]<div class=\"faq-content\">\r\n                        <div class=\"accordion\" id=\"accordionExample\"><div class=\"card\">\r\n                                <div class=\"card-header\" id=\"headingOne\">\r\n                                    <h4 class=\"mb-0\" data-toggle=\"collapse\" data-target=\"#collapseOne\" aria-expanded=\"true\" aria-controls=\"collapseOne\">\r\n                                          \ud83d\udccc Enerji \u00dcretim Tahmini Nedir ve HES\u2019ler \u0130\u00e7in Nas\u0131l \u00c7al\u0131\u015f\u0131r?\r\n                                    <\/h4>\r\n                                <\/div>\r\n\r\n                                <div id=\"collapseOne\" class=\"collapse show\" aria-labelledby=\"headingOne\" data-parent=\"#accordionExample\">\r\n                                    <div class=\"card-body\">\r\n                                        <p>\r\n                                            Enerji \u00fcretim tahmini, hidroelektrik santrallerin \u00fcretim s\u00fcre\u00e7lerini daha do\u011fru \u00f6ng\u00f6rmek, verimlili\u011fi art\u0131rmak ve planlamay\u0131 optimize etmek i\u00e7in yapay zek\u00e2 ve b\u00fcy\u00fck veri analiti\u011finden yararlan\u0131r. HES Y\u00f6netim Sistemi, SCADA ve IoT verilerini geli\u015fmi\u015f tahmin algoritmalar\u0131yla entegre ederek \u00fcretim miktarlar\u0131n\u0131 su seviyesi, ak\u0131\u015f h\u0131z\u0131 ve enerji talebi gibi de\u011fi\u015fkenlere g\u00f6re \u00f6nceden tahmin etmenizi sa\u011flar.\r\n                                        <\/p>\r\n                                    <\/div>\r\n                                <\/div>\r\n                            <\/div><div class=\"card\">\r\n                                <div class=\"card-header\" id=\"headingOne\">\r\n                                    <h4 class=\"mb-0\" data-toggle=\"collapse\" data-target=\"#collapseTwo\" aria-expanded=\"true\" aria-controls=\"collapseOne\">\r\n                                          \ud83d\udd0e Kestirimci Analiz Sistemleri Nas\u0131l \u00c7al\u0131\u015f\u0131r ve HES \u00dcretim Tahminine Nas\u0131l Katk\u0131 Sa\u011flar?\r\n                                    <\/h4>\r\n                                <\/div>\r\n\r\n                                <div id=\"collapseTwo\" class=\"collapse\" aria-labelledby=\"headingOne\" data-parent=\"#accordionExample\">\r\n                                    <div class=\"card-body\">\r\n                                        <p>\r\n                                            Kestirimci analiz sistemleri, makine \u00f6\u011frenmesi ve b\u00fcy\u00fck veri analiti\u011fi kullanarak hidroelektrik santrallerin \u00fcretim s\u00fcre\u00e7lerini optimize eder ve olas\u0131 \u00fcretim dalgalanmalar\u0131n\u0131 \u00f6nceden tahmin eder. HES Y\u00f6netim Sistemi, ger\u00e7ek zamanl\u0131 veri analizi ile \u00fcretim kapasitesindeki de\u011fi\u015fimleri \u00f6ng\u00f6r\u00fcr ve arz-talep dengesini daha do\u011fru y\u00f6netmenize yard\u0131mc\u0131 olur. B\u00f6ylece beklenmedik kesintiler azal\u0131r, santral verimlili\u011fi ve g\u00fcvenilirli\u011fi artar.\r\n                                        <\/p>\r\n                                    <\/div>\r\n                                <\/div>\r\n                            <\/div><div class=\"card\">\r\n                                <div class=\"card-header\" id=\"headingOne\">\r\n                                    <h4 class=\"mb-0\" data-toggle=\"collapse\" data-target=\"#collapseThree\" aria-expanded=\"true\" aria-controls=\"collapseOne\">\r\n                                          \u26a1 SCADA ve IoT Sistemleri HES \u00dcretim Tahmininde Nas\u0131l Bir Rol Oynar?\r\n                                    <\/h4>\r\n                                <\/div>\r\n\r\n                                <div id=\"collapseThree\" class=\"collapse\" aria-labelledby=\"headingOne\" data-parent=\"#accordionExample\">\r\n                                    <div class=\"card-body\">\r\n                                        <p>\r\n                                            SCADA (Supervisory Control and Data Acquisition) ve IoT (Nesnelerin \u0130nterneti) sistemleri, hidroelektrik santrallerde enerji \u00fcretim tahmininde kritik bir rol oynar. HES Y\u00f6netim Sistemi, bu kaynaklardan gelen ger\u00e7ek zamanl\u0131 verileri toplayarak su seviyesi, ak\u0131\u015f h\u0131z\u0131 ve talep de\u011fi\u015fimlerini analiz eder. B\u00f6ylece \u00fcretim miktar\u0131 daha do\u011fru tahmin edilir ve santral performans\u0131 optimize edilir.\r\n                                        <\/p>\r\n                                    <\/div>\r\n                                <\/div>\r\n                            <\/div><div class=\"card\">\r\n                                <div class=\"card-header\" id=\"headingOne\">\r\n                                    <h4 class=\"mb-0\" data-toggle=\"collapse\" data-target=\"#collapseFour\" aria-expanded=\"true\" aria-controls=\"collapseOne\">\r\n                                          \ud83d\udd0d Renewasoft\u2019un Enerji \u00dcretim Tahmini \u00c7\u00f6z\u00fcmleri Hangi T\u00fcr Santrallerle Uyumludur?\r\n                                    <\/h4>\r\n                                <\/div>\r\n\r\n                                <div id=\"collapseFour\" class=\"collapse\" aria-labelledby=\"headingOne\" data-parent=\"#accordionExample\">\r\n                                    <div class=\"card-body\">\r\n                                        <p>\r\n                                            Renewasoft\u2019un sundu\u011fu enerji \u00fcretim tahmini \u00e7\u00f6z\u00fcmleri, hidroelektrik santralleri ba\u015fta olmak \u00fczere g\u00fcne\u015f, r\u00fczgar ve biyok\u00fctle enerji santralleriyle de entegre edilebilir. Geli\u015fmi\u015f tahminleme algoritmalar\u0131m\u0131z ve esnek altyap\u0131m\u0131z sayesinde her enerji santralinin \u00fcretim kapasitesine, hava ko\u015fullar\u0131na ve talep de\u011fi\u015fimlerine \u00f6zel, y\u00fcksek do\u011frulukta tahminler sunabiliyoruz.\r\n                                        <\/p>\r\n                                    <\/div>\r\n                                <\/div>\r\n                            <\/div><\/div>\r\n                    <\/div>\r\n                <\/div>\r\n                <!-- End Services Content --><!-- Services Sidebar -->\r\n<div class=\"col-lg-4 services-sidebar\">\r\n    <aside>\r\n        <!-- Sidebar Single -->\r\n        <div class=\"sidebar-item\">\r\n            <h4 class=\"sidebar-title\">Renewasoft Hakk\u0131nda<\/h4>\r\n            <p>\r\n                Yenilik\u00e7i yaz\u0131l\u0131m \u00e7\u00f6z\u00fcm\u00fcm\u00fczle enerji sekt\u00f6r\u00fcn\u00fcn dijital d\u00f6n\u00fc\u015f\u00fcm\u00fcn\u00fc destekliyoruz. Hidroelektrik santralleri ve enerji y\u00f6netim sistemleri i\u00e7in yapay zeka tabanl\u0131 enerji \u00fcretim tahmini, kestirimci bak\u0131m, veri analiti\u011fi ve SCADA entegrasyonu sunarak operasyonel verimlili\u011fi art\u0131r\u0131yoruz.\r\n            <\/p><\/div>\r\n        <!-- Sidebar Single --><!-- Sidebar Single -->\r\n        <div class=\"sidebar-item\">\r\n            <h4 class=\"sidebar-title\">Bizimle \u0130leti\u015fime Ge\u00e7<\/h4>\r\n            <ul class=\"contact\"><li>\r\n                    <div class=\"icon\">\r\n                        <i class=\"flaticon-email\"><\/i>\r\n                    <\/div>\r\n                    <div class=\"info\">\r\n                        <span>Email<\/span> Info@renewasoft.com.tr\r\n                    <\/div>\r\n                <\/li><li>\r\n                    <div class=\"icon\">\r\n                        <i class=\"flaticon-countdown\"><\/i>\r\n                    <\/div>\r\n                    <div class=\"info\">\r\n                        <span>Ofis Saatleri<\/span> 7\/24\r\n                    <\/div>\r\n                <\/li><\/ul>\r\n        <\/div>\r\n        <!-- Sidebar Single --><\/aside>\r\n<\/div>\r\n<!-- End Services Sidebar -->\r\n<\/div>\r\n<\/div>\r\n<\/div>\r\n<!-- End Services Single -->[\/vc_column][\/vc_row]<\/p>\n<\/div>","protected":false},"excerpt":{"rendered":"<p>[vc_row][vc_column][vc_single_image image=&#8221;1748&#8243; img_size=&#8221;full&#8221; css=&#8221;&#8221;][vc_column_text css=&#8221;&#8221;] \ud83c\udf0d HES Y\u00f6netim Sistemi ile Daha Verimli ve Kesintisiz Enerji \u00dcretimi [\/vc_column_text][vc_column_text css=&#8221;&#8221;]HES Y\u00f6netim Sistemi, yapay zek\u00e2 ve b\u00fcy\u00fck veri analiti\u011fi kullanarak hidroelektrik santrallerde \u00fcretim tahminlerini daha do\u011fru hale getirir. Geli\u015fmi\u015f algoritmalar sayesinde enerji talebini \u00f6nceden \u00f6ng\u00f6rerek \u00fcretim plan\u0131n\u0131z\u0131 optimize eder, santralinizin verimlili\u011fini en \u00fcst seviyeye \u00e7\u0131kar\u0131r.[\/vc_column_text][vc_column_text css=&#8221;&#8221;] \u26a1 SCADA [&hellip;]<\/p>\n","protected":false},"author":1,"featured_media":0,"parent":0,"menu_order":0,"comment_status":"closed","ping_status":"closed","template":"page-templates\/pages.php","meta":{"footnotes":""},"class_list":["post-2090","page","type-page","status-publish","hentry"],"yoast_head":"<!-- This site is optimized with the Yoast SEO plugin v24.7 - https:\/\/yoast.com\/wordpress\/plugins\/seo\/ -->\n<title>\u00dcretim Tahmini (AI) - Renewasoft Enerji ve Yaz\u0131l\u0131m A.\u015e<\/title>\n<meta name=\"robots\" content=\"index, follow, max-snippet:-1, max-image-preview:large, max-video-preview:-1\" \/>\n<link rel=\"canonical\" href=\"https:\/\/renewasoft.com.tr\/index.php\/tr\/uretim-tahmini-ai\/\" \/>\n<meta property=\"og:locale\" content=\"tr_TR\" \/>\n<meta property=\"og:type\" content=\"article\" \/>\n<meta property=\"og:title\" content=\"\u00dcretim Tahmini (AI) - Renewasoft Enerji ve Yaz\u0131l\u0131m A.\u015e\" \/>\n<meta property=\"og:description\" content=\"[vc_row][vc_column][vc_single_image image=&#8221;1748&#8243; img_size=&#8221;full&#8221; css=&#8221;&#8221;][vc_column_text css=&#8221;&#8221;] \ud83c\udf0d HES Y\u00f6netim Sistemi ile Daha Verimli ve Kesintisiz Enerji \u00dcretimi [\/vc_column_text][vc_column_text css=&#8221;&#8221;]HES Y\u00f6netim Sistemi, yapay zek\u00e2 ve b\u00fcy\u00fck veri analiti\u011fi kullanarak hidroelektrik santrallerde \u00fcretim tahminlerini daha do\u011fru hale getirir. Geli\u015fmi\u015f algoritmalar sayesinde enerji talebini \u00f6nceden \u00f6ng\u00f6rerek \u00fcretim plan\u0131n\u0131z\u0131 optimize eder, santralinizin verimlili\u011fini en \u00fcst seviyeye \u00e7\u0131kar\u0131r.[\/vc_column_text][vc_column_text css=&#8221;&#8221;] \u26a1 SCADA [&hellip;]\" \/>\n<meta property=\"og:url\" content=\"https:\/\/renewasoft.com.tr\/index.php\/tr\/uretim-tahmini-ai\/\" \/>\n<meta property=\"og:site_name\" content=\"Renewasoft Enerji ve Yaz\u0131l\u0131m A.\u015e\" \/>\n<meta property=\"article:modified_time\" content=\"2025-09-16T13:00:17+00:00\" \/>\n<meta name=\"twitter:card\" content=\"summary_large_image\" \/>\n<meta name=\"twitter:label1\" content=\"Tahmini okuma s\u00fcresi\" \/>\n\t<meta name=\"twitter:data1\" content=\"4 dakika\" \/>\n<script type=\"application\/ld+json\" class=\"yoast-schema-graph\">{\"@context\":\"https:\/\/schema.org\",\"@graph\":[{\"@type\":\"WebPage\",\"@id\":\"https:\/\/renewasoft.com.tr\/index.php\/tr\/uretim-tahmini-ai\/\",\"url\":\"https:\/\/renewasoft.com.tr\/index.php\/tr\/uretim-tahmini-ai\/\",\"name\":\"\u00dcretim Tahmini (AI) - Renewasoft Enerji ve Yaz\u0131l\u0131m A.\u015e\",\"isPartOf\":{\"@id\":\"https:\/\/renewasoft.com.tr\/#website\"},\"datePublished\":\"2025-03-11T20:21:14+00:00\",\"dateModified\":\"2025-09-16T13:00:17+00:00\",\"breadcrumb\":{\"@id\":\"https:\/\/renewasoft.com.tr\/index.php\/tr\/uretim-tahmini-ai\/#breadcrumb\"},\"inLanguage\":\"tr\",\"potentialAction\":[{\"@type\":\"ReadAction\",\"target\":[\"https:\/\/renewasoft.com.tr\/index.php\/tr\/uretim-tahmini-ai\/\"]}]},{\"@type\":\"BreadcrumbList\",\"@id\":\"https:\/\/renewasoft.com.tr\/index.php\/tr\/uretim-tahmini-ai\/#breadcrumb\",\"itemListElement\":[{\"@type\":\"ListItem\",\"position\":1,\"name\":\"Anasayfa\",\"item\":\"https:\/\/renewasoft.com.tr\/index.php\/tr\/ana-sayfa\/\"},{\"@type\":\"ListItem\",\"position\":2,\"name\":\"\u00dcretim Tahmini (AI)\"}]},{\"@type\":\"WebSite\",\"@id\":\"https:\/\/renewasoft.com.tr\/#website\",\"url\":\"https:\/\/renewasoft.com.tr\/\",\"name\":\"Renewasoft Enerji ve Yaz\u0131l\u0131m A.\u015e\",\"description\":\"\",\"publisher\":{\"@id\":\"https:\/\/renewasoft.com.tr\/#organization\"},\"potentialAction\":[{\"@type\":\"SearchAction\",\"target\":{\"@type\":\"EntryPoint\",\"urlTemplate\":\"https:\/\/renewasoft.com.tr\/?s={search_term_string}\"},\"query-input\":{\"@type\":\"PropertyValueSpecification\",\"valueRequired\":true,\"valueName\":\"search_term_string\"}}],\"inLanguage\":\"tr\"},{\"@type\":\"Organization\",\"@id\":\"https:\/\/renewasoft.com.tr\/#organization\",\"name\":\"Renewasoft Enerji ve Yaz\u0131l\u0131m A.\u015e\",\"url\":\"https:\/\/renewasoft.com.tr\/\",\"logo\":{\"@type\":\"ImageObject\",\"inLanguage\":\"tr\",\"@id\":\"https:\/\/renewasoft.com.tr\/#\/schema\/logo\/image\/\",\"url\":\"https:\/\/renewasoft.com.tr\/wp-content\/uploads\/2025\/03\/images.jpg\",\"contentUrl\":\"https:\/\/renewasoft.com.tr\/wp-content\/uploads\/2025\/03\/images.jpg\",\"width\":225,\"height\":225,\"caption\":\"Renewasoft Enerji ve Yaz\u0131l\u0131m A.\u015e\"},\"image\":{\"@id\":\"https:\/\/renewasoft.com.tr\/#\/schema\/logo\/image\/\"},\"sameAs\":[\"https:\/\/www.linkedin.com\/company\/renewasoft\/\"]}]}<\/script>\n<!-- \/ Yoast SEO plugin. -->","yoast_head_json":{"title":"\u00dcretim Tahmini (AI) - Renewasoft Enerji ve Yaz\u0131l\u0131m A.\u015e","robots":{"index":"index","follow":"follow","max-snippet":"max-snippet:-1","max-image-preview":"max-image-preview:large","max-video-preview":"max-video-preview:-1"},"canonical":"https:\/\/renewasoft.com.tr\/index.php\/tr\/uretim-tahmini-ai\/","og_locale":"tr_TR","og_type":"article","og_title":"\u00dcretim Tahmini (AI) - Renewasoft Enerji ve Yaz\u0131l\u0131m A.\u015e","og_description":"[vc_row][vc_column][vc_single_image image=&#8221;1748&#8243; img_size=&#8221;full&#8221; css=&#8221;&#8221;][vc_column_text css=&#8221;&#8221;] \ud83c\udf0d HES Y\u00f6netim Sistemi ile Daha Verimli ve Kesintisiz Enerji \u00dcretimi [\/vc_column_text][vc_column_text css=&#8221;&#8221;]HES Y\u00f6netim Sistemi, yapay zek\u00e2 ve b\u00fcy\u00fck veri analiti\u011fi kullanarak hidroelektrik santrallerde \u00fcretim tahminlerini daha do\u011fru hale getirir. Geli\u015fmi\u015f algoritmalar sayesinde enerji talebini \u00f6nceden \u00f6ng\u00f6rerek \u00fcretim plan\u0131n\u0131z\u0131 optimize eder, santralinizin verimlili\u011fini en \u00fcst seviyeye \u00e7\u0131kar\u0131r.[\/vc_column_text][vc_column_text css=&#8221;&#8221;] \u26a1 SCADA [&hellip;]","og_url":"https:\/\/renewasoft.com.tr\/index.php\/tr\/uretim-tahmini-ai\/","og_site_name":"Renewasoft Enerji ve Yaz\u0131l\u0131m A.\u015e","article_modified_time":"2025-09-16T13:00:17+00:00","twitter_card":"summary_large_image","twitter_misc":{"Tahmini okuma s\u00fcresi":"4 dakika"},"schema":{"@context":"https:\/\/schema.org","@graph":[{"@type":"WebPage","@id":"https:\/\/renewasoft.com.tr\/index.php\/tr\/uretim-tahmini-ai\/","url":"https:\/\/renewasoft.com.tr\/index.php\/tr\/uretim-tahmini-ai\/","name":"\u00dcretim Tahmini (AI) - Renewasoft Enerji ve Yaz\u0131l\u0131m A.\u015e","isPartOf":{"@id":"https:\/\/renewasoft.com.tr\/#website"},"datePublished":"2025-03-11T20:21:14+00:00","dateModified":"2025-09-16T13:00:17+00:00","breadcrumb":{"@id":"https:\/\/renewasoft.com.tr\/index.php\/tr\/uretim-tahmini-ai\/#breadcrumb"},"inLanguage":"tr","potentialAction":[{"@type":"ReadAction","target":["https:\/\/renewasoft.com.tr\/index.php\/tr\/uretim-tahmini-ai\/"]}]},{"@type":"BreadcrumbList","@id":"https:\/\/renewasoft.com.tr\/index.php\/tr\/uretim-tahmini-ai\/#breadcrumb","itemListElement":[{"@type":"ListItem","position":1,"name":"Anasayfa","item":"https:\/\/renewasoft.com.tr\/index.php\/tr\/ana-sayfa\/"},{"@type":"ListItem","position":2,"name":"\u00dcretim Tahmini (AI)"}]},{"@type":"WebSite","@id":"https:\/\/renewasoft.com.tr\/#website","url":"https:\/\/renewasoft.com.tr\/","name":"Renewasoft Enerji ve Yaz\u0131l\u0131m A.\u015e","description":"","publisher":{"@id":"https:\/\/renewasoft.com.tr\/#organization"},"potentialAction":[{"@type":"SearchAction","target":{"@type":"EntryPoint","urlTemplate":"https:\/\/renewasoft.com.tr\/?s={search_term_string}"},"query-input":{"@type":"PropertyValueSpecification","valueRequired":true,"valueName":"search_term_string"}}],"inLanguage":"tr"},{"@type":"Organization","@id":"https:\/\/renewasoft.com.tr\/#organization","name":"Renewasoft Enerji ve Yaz\u0131l\u0131m A.\u015e","url":"https:\/\/renewasoft.com.tr\/","logo":{"@type":"ImageObject","inLanguage":"tr","@id":"https:\/\/renewasoft.com.tr\/#\/schema\/logo\/image\/","url":"https:\/\/renewasoft.com.tr\/wp-content\/uploads\/2025\/03\/images.jpg","contentUrl":"https:\/\/renewasoft.com.tr\/wp-content\/uploads\/2025\/03\/images.jpg","width":225,"height":225,"caption":"Renewasoft Enerji ve Yaz\u0131l\u0131m A.\u015e"},"image":{"@id":"https:\/\/renewasoft.com.tr\/#\/schema\/logo\/image\/"},"sameAs":["https:\/\/www.linkedin.com\/company\/renewasoft\/"]}]}},"_links":{"self":[{"href":"https:\/\/renewasoft.com.tr\/index.php\/wp-json\/wp\/v2\/pages\/2090","targetHints":{"allow":["GET"]}}],"collection":[{"href":"https:\/\/renewasoft.com.tr\/index.php\/wp-json\/wp\/v2\/pages"}],"about":[{"href":"https:\/\/renewasoft.com.tr\/index.php\/wp-json\/wp\/v2\/types\/page"}],"author":[{"embeddable":true,"href":"https:\/\/renewasoft.com.tr\/index.php\/wp-json\/wp\/v2\/users\/1"}],"replies":[{"embeddable":true,"href":"https:\/\/renewasoft.com.tr\/index.php\/wp-json\/wp\/v2\/comments?post=2090"}],"version-history":[{"count":7,"href":"https:\/\/renewasoft.com.tr\/index.php\/wp-json\/wp\/v2\/pages\/2090\/revisions"}],"predecessor-version":[{"id":2595,"href":"https:\/\/renewasoft.com.tr\/index.php\/wp-json\/wp\/v2\/pages\/2090\/revisions\/2595"}],"wp:attachment":[{"href":"https:\/\/renewasoft.com.tr\/index.php\/wp-json\/wp\/v2\/media?parent=2090"}],"curies":[{"name":"wp","href":"https:\/\/api.w.org\/{rel}","templated":true}]}}