{"id":240,"date":"2020-07-11T12:22:00","date_gmt":"2020-07-11T12:22:00","guid":{"rendered":"https:\/\/wpriverthemes.com\/anada\/?page_id=240"},"modified":"2025-03-18T12:25:19","modified_gmt":"2025-03-18T12:25:19","slug":"akilli-enerji-yonetimi","status":"publish","type":"page","link":"https:\/\/renewasoft.com.tr\/index.php\/tr\/akilli-enerji-yonetimi\/","title":{"rendered":"Ak\u0131ll\u0131 Enerji Y\u00f6netimi"},"content":{"rendered":"<div class=\"wpb-content-wrapper\"><p>[vc_row][vc_column]    <!-- Start Services Single \r\n    ============================================= -->\r\n    <div class=\"services-single-area default-padding faq-area\">\r\n        <div class=\"container\">\r\n            <div class=\"row\">\r\n                <!-- Services Content -->\r\n                <div class=\"col-lg-8 services-content\">\r\n                    <div class=\"row\">\r\n                        <div class=\"col-lg-6\"><h2>Ak\u0131ll\u0131 Enerji Y\u00f6netimi Hidroelektrik Santralleri i\u00e7in Dijital D\u00f6n\u00fc\u015f\u00fcm<\/h2>\r\n        <p><\/p>\n<ul>\n<li>Ger\u00e7ek Zamanl\u0131 Veri Analizi ile Daha Verimli \u0130\u015fletme<\/li>\n<li>Kestirimci Bak\u0131m ile Ar\u0131za Risklerini Azalt\u0131n<\/li>\n<\/ul>\n<p><\/p><a class=\"btn circle btn-md btn-gradient\" href=\"https:\/\/renewasoft.com.tr\/index.php\/tr\/iletisim\/\">Demo \u0130ste<\/a><\/div>\r\n                        <div class=\"col-lg-6\">\r\n                            <p>\r\n                               Enerji \u00fcretim s\u00fcre\u00e7lerinde maksimum verimlilik, g\u00fcvenlik ve s\u00fcrd\u00fcr\u00fclebilirlik sa\u011flamak i\u00e7in Renewasoft olarak hidroelektrik santralleri i\u00e7in \u00f6zelle\u015ftirilmi\u015f yaz\u0131l\u0131m \u00e7\u00f6z\u00fcmleri sunuyoruz. Geli\u015fmi\u015f analitik, otomasyon ve kestirimci bak\u0131m teknolojileriyle operasyonlar\u0131n\u0131z\u0131 optimize ediyoruz. \r\n                            <\/p>\r\n                        <\/div>\r\n                        <\/div>[vc_single_image image=&#8221;1746&#8243; img_size=&#8221;full&#8221; css=&#8221;.vc_custom_1740045263376{margin-top: 0px !important;margin-right: 0px !important;margin-bottom: 0px !important;margin-left: 0px !important;border-top-width: 0px !important;border-right-width: 0px !important;border-bottom-width: 0px !important;border-left-width: 0px !important;padding-top: 0px !important;padding-right: 0px !important;padding-bottom: 0px !important;padding-left: 0px !important;}&#8221;][vc_column_text css=&#8221;.vc_custom_1740045436796{margin-top: 0px !important;margin-right: 0px !important;margin-bottom: 0px !important;margin-left: 0px !important;border-top-width: 0px !important;border-right-width: 0px !important;border-bottom-width: 0px !important;border-left-width: 0px !important;padding-top: 0px !important;padding-right: 0px !important;padding-bottom: 0px !important;padding-left: 0px !important;}&#8221;]<\/p>\n<h2>\ud83c\udf0d Ak\u0131ll\u0131 Enerji Y\u00f6netimi ile Verimli \u00dcretim S\u00fcre\u00e7leri<\/h2>\n<p>[\/vc_column_text][vc_column_text css=&#8221;.vc_custom_1740045279160{margin-top: 0px !important;margin-right: 0px !important;margin-bottom: 0px !important;margin-left: 0px !important;border-top-width: 0px !important;border-right-width: 0px !important;border-bottom-width: 0px !important;border-left-width: 0px !important;padding-top: 0px !important;padding-right: 0px !important;padding-bottom: 0px !important;padding-left: 0px !important;}&#8221;]Yapay zeka ve b\u00fcy\u00fck veri analiti\u011fi kullanarak enerji \u00fcretimini optimize ediyor, kaynaklar\u0131n en etkin \u015fekilde kullan\u0131lmas\u0131n\u0131 sa\u011fl\u0131yoruz. Geli\u015fmi\u015f algoritmalar sayesinde enerji \u00fcretim tesislerinizin performans\u0131n\u0131 art\u0131rarak verimlili\u011finizi en \u00fcst seviyeye ta\u015f\u0131yoruz.[\/vc_column_text][vc_column_text css=&#8221;.vc_custom_1740045442624{margin-top: 25px !important;margin-right: 0px !important;margin-bottom: 15px !important;margin-left: 0px !important;border-top-width: 0px !important;border-right-width: 0px !important;border-bottom-width: 0px !important;border-left-width: 0px !important;padding-top: 0px !important;padding-right: 0px !important;padding-bottom: 0px !important;padding-left: 0px !important;}&#8221;]<\/p>\n<h4>\u26a1 SCADA ve IoT Entegrasyonu<\/h4>\n<p>[\/vc_column_text][vc_column_text css=&#8221;.vc_custom_1740045314830{margin-top: 0px !important;margin-right: 0px !important;margin-bottom: 0px !important;margin-left: 0px !important;border-top-width: 0px !important;border-right-width: 0px !important;border-bottom-width: 0px !important;border-left-width: 0px !important;padding-top: 0px !important;padding-right: 0px !important;padding-bottom: 0px !important;padding-left: 0px !important;}&#8221;]Ger\u00e7ek zamanl\u0131 veri takibi ve kontrol imkan\u0131 sunan SCADA ve IoT \u00e7\u00f6z\u00fcmlerimiz, hidroelektrik santrallerinizin t\u00fcm kritik bile\u015fenlerini izleyerek operasyonel s\u00fcre\u00e7lerinizi daha \u015feffaf ve g\u00fcvenilir hale getiriyor.[\/vc_column_text][vc_column_text css=&#8221;.vc_custom_1740045422532{margin-top: 25px !important;margin-right: 0px !important;margin-bottom: 15px !important;margin-left: 0px !important;border-top-width: 0px !important;border-right-width: 0px !important;border-bottom-width: 0px !important;border-left-width: 0px !important;padding-top: 0px !important;padding-right: 0px !important;padding-bottom: 0px !important;padding-left: 0px !important;}&#8221;]<\/p>\n<h4>\ud83d\udd0e Kestirimci Bak\u0131m ve Ar\u0131za \u00d6nleme<\/h4>\n<p>[\/vc_column_text][vc_column_text css=&#8221;.vc_custom_1740045339164{margin-top: 0px !important;margin-right: 0px !important;margin-bottom: 0px !important;margin-left: 0px !important;border-top-width: 0px !important;border-right-width: 0px !important;border-bottom-width: 0px !important;border-left-width: 0px !important;padding-top: 0px !important;padding-right: 0px !important;padding-bottom: 0px !important;padding-left: 0px !important;}&#8221;]Makine \u00f6\u011frenmesi destekli kestirimci bak\u0131m teknolojilerimiz sayesinde ekipmanlar\u0131n\u0131z\u0131n durumunu anl\u0131k olarak analiz ediyor, ar\u0131zalar\u0131 olu\u015fmadan \u00f6nce tespit ederek bak\u0131m maliyetlerini azalt\u0131yoruz.[\/vc_column_text][vc_column_text css=&#8221;.vc_custom_1740045415307{margin-top: 25px !important;margin-right: 0px !important;margin-bottom: 15px !important;margin-left: 0px !important;border-top-width: 0px !important;border-right-width: 0px !important;border-bottom-width: 0px !important;border-left-width: 0px !important;padding-top: 0px !important;padding-right: 0px !important;padding-bottom: 0px !important;padding-left: 0px !important;}&#8221;]<\/p>\n<h4>\ud83d\udcca Enerji Analiti\u011fi ve Otomatik Raporlama<\/h4>\n<p>[\/vc_column_text][vc_column_text css=&#8221;.vc_custom_1740045370507{margin-top: 0px !important;margin-right: 0px !important;margin-bottom: 0px !important;margin-left: 0px !important;border-top-width: 0px !important;border-right-width: 0px !important;border-bottom-width: 0px !important;border-left-width: 0px !important;padding-top: 0px !important;padding-right: 0px !important;padding-bottom: 0px !important;padding-left: 0px !important;}&#8221;]Veri odakl\u0131 karar alma sistemlerimiz ile enerji t\u00fcketimi, \u00fcretim kapasitesi ve sistem performans\u0131 gibi kritik verileri analiz ederek operasyonel kararlar\u0131n\u0131z\u0131 daha stratejik hale getiriyoruz. Otomatik raporlama sistemleriyle anl\u0131k ve ge\u00e7mi\u015fe d\u00f6n\u00fck analizler sunuyoruz.[\/vc_column_text][vc_column_text css=&#8221;.vc_custom_1740045408290{margin-top: 25px !important;margin-right: 0px !important;margin-bottom: 15px !important;margin-left: 0px !important;border-top-width: 0px !important;border-right-width: 0px !important;border-bottom-width: 0px !important;border-left-width: 0px !important;padding-top: 0px !important;padding-right: 0px !important;padding-bottom: 0px !important;padding-left: 0px !important;}&#8221;]<\/p>\n<h4>\ud83d\udd0b Yenilenebilir Enerji Kaynaklar\u0131yla Entegre \u00c7\u00f6z\u00fcmler<\/h4>\n<p>[\/vc_column_text][vc_column_text css=&#8221;.vc_custom_1740045394574{margin-top: 0px !important;margin-right: 0px !important;margin-bottom: 0px !important;margin-left: 0px !important;border-top-width: 0px !important;border-right-width: 0px !important;border-bottom-width: 0px !important;border-left-width: 0px !important;padding-top: 0px !important;padding-right: 0px !important;padding-bottom: 0px !important;padding-left: 0px !important;}&#8221;]Hidroelektrik santralleri ba\u015fta olmak \u00fczere g\u00fcne\u015f ve r\u00fczgar enerjisi gibi yenilenebilir enerji kaynaklar\u0131yla tam entegre \u00e7al\u0131\u015fan sistemlerimiz, enerji y\u00f6netiminizi \u00e7evre dostu ve s\u00fcrd\u00fcr\u00fclebilir bir hale getiriyor.[\/vc_column_text]<div class=\"faq-content\">\r\n                        <div class=\"accordion\" id=\"accordionExample\"><div class=\"card\">\r\n                                <div class=\"card-header\" id=\"headingOne\">\r\n                                    <h4 class=\"mb-0\" data-toggle=\"collapse\" data-target=\"#collapseOne\" aria-expanded=\"true\" aria-controls=\"collapseOne\">\r\n                                          \ud83d\udccc Ak\u0131ll\u0131 enerji y\u00f6netimi nedir ve hidroelektrik santralleri i\u00e7in nas\u0131l \u00e7al\u0131\u015f\u0131r?\r\n                                    <\/h4>\r\n                                <\/div>\r\n\r\n                                <div id=\"collapseOne\" class=\"collapse show\" aria-labelledby=\"headingOne\" data-parent=\"#accordionExample\">\r\n                                    <div class=\"card-body\">\r\n                                        <p>\r\n                                            Ak\u0131ll\u0131 enerji y\u00f6netimi, hidroelektrik santrallerinin \u00fcretim s\u00fcre\u00e7lerini optimize etmek, verimlili\u011fi art\u0131rmak ve operasyonel maliyetleri azaltmak i\u00e7in dijital teknolojilerden yararlan\u0131r. SCADA, IoT ve b\u00fcy\u00fck veri analiti\u011fi gibi sistemlerle entegre \u00e7al\u0131\u015farak ger\u00e7ek zamanl\u0131 izleme ve kontrol imkan\u0131 sunar.\r\n                                        <\/p>\r\n                                    <\/div>\r\n                                <\/div>\r\n                            <\/div><div class=\"card\">\r\n                                <div class=\"card-header\" id=\"headingOne\">\r\n                                    <h4 class=\"mb-0\" data-toggle=\"collapse\" data-target=\"#collapseTwo\" aria-expanded=\"true\" aria-controls=\"collapseOne\">\r\n                                          \ud83d\udd0e Kestirimci bak\u0131m sistemleri nas\u0131l \u00e7al\u0131\u015f\u0131r ve nas\u0131l avantajlar sa\u011flar?\r\n                                    <\/h4>\r\n                                <\/div>\r\n\r\n                                <div id=\"collapseTwo\" class=\"collapse\" aria-labelledby=\"headingOne\" data-parent=\"#accordionExample\">\r\n                                    <div class=\"card-body\">\r\n                                        <p>\r\n                                            Kestirimci bak\u0131m sistemleri, makine \u00f6\u011frenmesi ve b\u00fcy\u00fck veri analiti\u011fi kullanarak ekipmanlar\u0131n \u00e7al\u0131\u015fma verilerini analiz eder ve olas\u0131 ar\u0131zalar\u0131 \u00f6nceden tespit eder. Bu sayede bak\u0131m maliyetleri d\u00fc\u015ferken plans\u0131z duru\u015f s\u00fcreleri azal\u0131r ve ekipman \u00f6mr\u00fc uzat\u0131l\u0131r.\r\n                                        <\/p>\r\n                                    <\/div>\r\n                                <\/div>\r\n                            <\/div><div class=\"card\">\r\n                                <div class=\"card-header\" id=\"headingOne\">\r\n                                    <h4 class=\"mb-0\" data-toggle=\"collapse\" data-target=\"#collapseThree\" aria-expanded=\"true\" aria-controls=\"collapseOne\">\r\n                                          \u26a1 SCADA ve IoT sistemleri enerji y\u00f6netiminde nas\u0131l bir rol oynar?\r\n                                    <\/h4>\r\n                                <\/div>\r\n\r\n                                <div id=\"collapseThree\" class=\"collapse\" aria-labelledby=\"headingOne\" data-parent=\"#accordionExample\">\r\n                                    <div class=\"card-body\">\r\n                                        <p>\r\n                                            SCADA (Supervisory Control and Data Acquisition) ve IoT (Nesnelerin \u0130nterneti) sistemleri, hidroelektrik santrallerdeki t\u00fcm operasyonel s\u00fcre\u00e7leri merkezi bir platformdan izleme ve y\u00f6netme imkan\u0131 sunar. Ger\u00e7ek zamanl\u0131 veri ak\u0131\u015f\u0131 ile enerji \u00fcretimi, t\u00fcketim ve sistem performans\u0131 s\u00fcrekli takip edilir.\r\n                                        <\/p>\r\n                                    <\/div>\r\n                                <\/div>\r\n                            <\/div><div class=\"card\">\r\n                                <div class=\"card-header\" id=\"headingOne\">\r\n                                    <h4 class=\"mb-0\" data-toggle=\"collapse\" data-target=\"#collapseFour\" aria-expanded=\"true\" aria-controls=\"collapseOne\">\r\n                                          \ud83d\udd0d Renewasoft\u2019un sundu\u011fu \u00e7\u00f6z\u00fcmler hangi t\u00fcr enerji santralleriyle uyumludur?\r\n                                    <\/h4>\r\n                                <\/div>\r\n\r\n                                <div id=\"collapseFour\" class=\"collapse\" aria-labelledby=\"headingOne\" data-parent=\"#accordionExample\">\r\n                                    <div class=\"card-body\">\r\n                                        <p>\r\n                                            Renewasoft\u2019un sundu\u011fu yaz\u0131l\u0131m \u00e7\u00f6z\u00fcmleri hidroelektrik santralleri ba\u015fta olmak \u00fczere g\u00fcne\u015f, r\u00fczgar ve biyok\u00fctle enerji santralleriyle de entegre edilebilir. Esnek altyap\u0131m\u0131z sayesinde enerji y\u00f6netim sisteminizin ihtiya\u00e7lar\u0131na \u00f6zel \u00e7\u00f6z\u00fcmler sunabiliyoruz.\r\n                                        <\/p>\r\n                                    <\/div>\r\n                                <\/div>\r\n                            <\/div><\/div>\r\n                    <\/div>\r\n                <\/div>\r\n                <!-- End Services Content --><!-- Services Sidebar -->\r\n<div class=\"col-lg-4 services-sidebar\">\r\n    <aside>\r\n        <!-- Sidebar Single -->\r\n        <div class=\"sidebar-item\">\r\n            <h4 class=\"sidebar-title\">Renewasoft Hakk\u0131nda<\/h4>\r\n            <p>\r\n                Yenilik\u00e7i yaz\u0131l\u0131m \u00e7\u00f6z\u00fcmlerimizle enerji sekt\u00f6r\u00fcn\u00fcn dijital d\u00f6n\u00fc\u015f\u00fcm\u00fcn\u00fc destekliyoruz. Hidroelektrik santralleri ve enerji y\u00f6netim sistemleri i\u00e7in yapay zeka tabanl\u0131 enerji \u00fcretim tahmini, kestirimci bak\u0131m, veri analiti\u011fi ve SCADA entegrasyonu sunarak operasyonel verimlili\u011fi art\u0131r\u0131yoruz.\r\n            <\/p><\/div>\r\n        <!-- Sidebar Single --><!-- Sidebar Single -->\r\n        <div class=\"sidebar-item\">\r\n            <h4 class=\"sidebar-title\">Bizimle \u0130leti\u015fime Ge\u00e7<\/h4>\r\n            <ul class=\"contact\"><li>\r\n                    <div class=\"icon\">\r\n                        <i class=\"flaticon-email\"><\/i>\r\n                    <\/div>\r\n                    <div class=\"info\">\r\n                        <span>Email<\/span> Info@renewasoft.com.tr\r\n                    <\/div>\r\n                <\/li><li>\r\n                    <div class=\"icon\">\r\n                        <i class=\"flaticon-countdown\"><\/i>\r\n                    <\/div>\r\n                    <div class=\"info\">\r\n                        <span>Ofis Saatleri<\/span> 7\/24\r\n                    <\/div>\r\n                <\/li><\/ul>\r\n        <\/div>\r\n        <!-- Sidebar Single --><\/aside>\r\n<\/div>\r\n<!-- End Services Sidebar -->\r\n<\/div>\r\n<\/div>\r\n<\/div>\r\n<!-- End Services Single -->[\/vc_column][\/vc_row]<\/p>\n<\/div>","protected":false},"excerpt":{"rendered":"<p>[vc_row][vc_column][vc_single_image image=&#8221;1746&#8243; img_size=&#8221;full&#8221; css=&#8221;.vc_custom_1740045263376{margin-top: 0px !important;margin-right: 0px !important;margin-bottom: 0px !important;margin-left: 0px !important;border-top-width: 0px !important;border-right-width: 0px !important;border-bottom-width: 0px !important;border-left-width: 0px !important;padding-top: 0px !important;padding-right: 0px !important;padding-bottom: 0px !important;padding-left: 0px !important;}&#8221;][vc_column_text css=&#8221;.vc_custom_1740045436796{margin-top: 0px !important;margin-right: 0px !important;margin-bottom: 0px !important;margin-left: 0px !important;border-top-width: 0px !important;border-right-width: 0px !important;border-bottom-width: 0px !important;border-left-width: 0px !important;padding-top: 0px !important;padding-right: 0px !important;padding-bottom: 0px !important;padding-left: 0px !important;}&#8221;] \ud83c\udf0d Ak\u0131ll\u0131 [&hellip;]<\/p>\n","protected":false},"author":1,"featured_media":0,"parent":0,"menu_order":0,"comment_status":"closed","ping_status":"closed","template":"page-templates\/pages.php","meta":{"footnotes":""},"class_list":["post-240","page","type-page","status-publish","hentry"],"yoast_head":"<!-- This site is optimized with the Yoast SEO plugin v24.7 - https:\/\/yoast.com\/wordpress\/plugins\/seo\/ -->\n<title>Ak\u0131ll\u0131 Enerji Y\u00f6netimi - Renewasoft Enerji ve Yaz\u0131l\u0131m A.\u015e<\/title>\n<meta name=\"robots\" content=\"index, follow, max-snippet:-1, max-image-preview:large, max-video-preview:-1\" \/>\n<link rel=\"canonical\" href=\"https:\/\/renewasoft.com.tr\/index.php\/tr\/akilli-enerji-yonetimi\/\" \/>\n<meta property=\"og:locale\" content=\"tr_TR\" \/>\n<meta property=\"og:type\" content=\"article\" \/>\n<meta property=\"og:title\" content=\"Ak\u0131ll\u0131 Enerji Y\u00f6netimi - Renewasoft Enerji ve Yaz\u0131l\u0131m A.\u015e\" \/>\n<meta property=\"og:description\" content=\"[vc_row][vc_column][vc_single_image image=&#8221;1746&#8243; img_size=&#8221;full&#8221; css=&#8221;.vc_custom_1740045263376{margin-top: 0px !important;margin-right: 0px !important;margin-bottom: 0px !important;margin-left: 0px !important;border-top-width: 0px !important;border-right-width: 0px !important;border-bottom-width: 0px !important;border-left-width: 0px !important;padding-top: 0px !important;padding-right: 0px !important;padding-bottom: 0px !important;padding-left: 0px !important;}&#8221;][vc_column_text css=&#8221;.vc_custom_1740045436796{margin-top: 0px !important;margin-right: 0px !important;margin-bottom: 0px !important;margin-left: 0px !important;border-top-width: 0px !important;border-right-width: 0px !important;border-bottom-width: 0px !important;border-left-width: 0px !important;padding-top: 0px !important;padding-right: 0px !important;padding-bottom: 0px !important;padding-left: 0px !important;}&#8221;] \ud83c\udf0d Ak\u0131ll\u0131 [&hellip;]\" \/>\n<meta property=\"og:url\" content=\"https:\/\/renewasoft.com.tr\/index.php\/tr\/akilli-enerji-yonetimi\/\" \/>\n<meta property=\"og:site_name\" content=\"Renewasoft Enerji ve Yaz\u0131l\u0131m A.\u015e\" \/>\n<meta property=\"article:modified_time\" content=\"2025-03-18T12:25:19+00:00\" \/>\n<meta name=\"twitter:card\" content=\"summary_large_image\" \/>\n<meta name=\"twitter:label1\" content=\"Tahmini okuma s\u00fcresi\" \/>\n\t<meta name=\"twitter:data1\" content=\"6 dakika\" \/>\n<script type=\"application\/ld+json\" class=\"yoast-schema-graph\">{\"@context\":\"https:\/\/schema.org\",\"@graph\":[{\"@type\":\"WebPage\",\"@id\":\"https:\/\/renewasoft.com.tr\/index.php\/tr\/akilli-enerji-yonetimi\/\",\"url\":\"https:\/\/renewasoft.com.tr\/index.php\/tr\/akilli-enerji-yonetimi\/\",\"name\":\"Ak\u0131ll\u0131 Enerji Y\u00f6netimi - Renewasoft Enerji ve Yaz\u0131l\u0131m A.\u015e\",\"isPartOf\":{\"@id\":\"https:\/\/renewasoft.com.tr\/#website\"},\"datePublished\":\"2020-07-11T12:22:00+00:00\",\"dateModified\":\"2025-03-18T12:25:19+00:00\",\"breadcrumb\":{\"@id\":\"https:\/\/renewasoft.com.tr\/index.php\/tr\/akilli-enerji-yonetimi\/#breadcrumb\"},\"inLanguage\":\"tr\",\"potentialAction\":[{\"@type\":\"ReadAction\",\"target\":[\"https:\/\/renewasoft.com.tr\/index.php\/tr\/akilli-enerji-yonetimi\/\"]}]},{\"@type\":\"BreadcrumbList\",\"@id\":\"https:\/\/renewasoft.com.tr\/index.php\/tr\/akilli-enerji-yonetimi\/#breadcrumb\",\"itemListElement\":[{\"@type\":\"ListItem\",\"position\":1,\"name\":\"Anasayfa\",\"item\":\"https:\/\/renewasoft.com.tr\/index.php\/tr\/ana-sayfa\/\"},{\"@type\":\"ListItem\",\"position\":2,\"name\":\"Ak\u0131ll\u0131 Enerji Y\u00f6netimi\"}]},{\"@type\":\"WebSite\",\"@id\":\"https:\/\/renewasoft.com.tr\/#website\",\"url\":\"https:\/\/renewasoft.com.tr\/\",\"name\":\"Renewasoft Enerji ve Yaz\u0131l\u0131m A.\u015e\",\"description\":\"\",\"publisher\":{\"@id\":\"https:\/\/renewasoft.com.tr\/#organization\"},\"potentialAction\":[{\"@type\":\"SearchAction\",\"target\":{\"@type\":\"EntryPoint\",\"urlTemplate\":\"https:\/\/renewasoft.com.tr\/?s={search_term_string}\"},\"query-input\":{\"@type\":\"PropertyValueSpecification\",\"valueRequired\":true,\"valueName\":\"search_term_string\"}}],\"inLanguage\":\"tr\"},{\"@type\":\"Organization\",\"@id\":\"https:\/\/renewasoft.com.tr\/#organization\",\"name\":\"Renewasoft Enerji ve Yaz\u0131l\u0131m A.\u015e\",\"url\":\"https:\/\/renewasoft.com.tr\/\",\"logo\":{\"@type\":\"ImageObject\",\"inLanguage\":\"tr\",\"@id\":\"https:\/\/renewasoft.com.tr\/#\/schema\/logo\/image\/\",\"url\":\"https:\/\/renewasoft.com.tr\/wp-content\/uploads\/2025\/03\/images.jpg\",\"contentUrl\":\"https:\/\/renewasoft.com.tr\/wp-content\/uploads\/2025\/03\/images.jpg\",\"width\":225,\"height\":225,\"caption\":\"Renewasoft Enerji ve Yaz\u0131l\u0131m A.\u015e\"},\"image\":{\"@id\":\"https:\/\/renewasoft.com.tr\/#\/schema\/logo\/image\/\"},\"sameAs\":[\"https:\/\/www.linkedin.com\/company\/renewasoft\/\"]}]}<\/script>\n<!-- \/ Yoast SEO plugin. -->","yoast_head_json":{"title":"Ak\u0131ll\u0131 Enerji Y\u00f6netimi - Renewasoft Enerji ve Yaz\u0131l\u0131m A.\u015e","robots":{"index":"index","follow":"follow","max-snippet":"max-snippet:-1","max-image-preview":"max-image-preview:large","max-video-preview":"max-video-preview:-1"},"canonical":"https:\/\/renewasoft.com.tr\/index.php\/tr\/akilli-enerji-yonetimi\/","og_locale":"tr_TR","og_type":"article","og_title":"Ak\u0131ll\u0131 Enerji Y\u00f6netimi - Renewasoft Enerji ve Yaz\u0131l\u0131m A.\u015e","og_description":"[vc_row][vc_column][vc_single_image image=&#8221;1746&#8243; img_size=&#8221;full&#8221; css=&#8221;.vc_custom_1740045263376{margin-top: 0px !important;margin-right: 0px !important;margin-bottom: 0px !important;margin-left: 0px !important;border-top-width: 0px !important;border-right-width: 0px !important;border-bottom-width: 0px !important;border-left-width: 0px !important;padding-top: 0px !important;padding-right: 0px !important;padding-bottom: 0px !important;padding-left: 0px !important;}&#8221;][vc_column_text css=&#8221;.vc_custom_1740045436796{margin-top: 0px !important;margin-right: 0px !important;margin-bottom: 0px !important;margin-left: 0px !important;border-top-width: 0px !important;border-right-width: 0px !important;border-bottom-width: 0px !important;border-left-width: 0px !important;padding-top: 0px !important;padding-right: 0px !important;padding-bottom: 0px !important;padding-left: 0px !important;}&#8221;] \ud83c\udf0d Ak\u0131ll\u0131 [&hellip;]","og_url":"https:\/\/renewasoft.com.tr\/index.php\/tr\/akilli-enerji-yonetimi\/","og_site_name":"Renewasoft Enerji ve Yaz\u0131l\u0131m A.\u015e","article_modified_time":"2025-03-18T12:25:19+00:00","twitter_card":"summary_large_image","twitter_misc":{"Tahmini okuma s\u00fcresi":"6 dakika"},"schema":{"@context":"https:\/\/schema.org","@graph":[{"@type":"WebPage","@id":"https:\/\/renewasoft.com.tr\/index.php\/tr\/akilli-enerji-yonetimi\/","url":"https:\/\/renewasoft.com.tr\/index.php\/tr\/akilli-enerji-yonetimi\/","name":"Ak\u0131ll\u0131 Enerji Y\u00f6netimi - Renewasoft Enerji ve Yaz\u0131l\u0131m A.\u015e","isPartOf":{"@id":"https:\/\/renewasoft.com.tr\/#website"},"datePublished":"2020-07-11T12:22:00+00:00","dateModified":"2025-03-18T12:25:19+00:00","breadcrumb":{"@id":"https:\/\/renewasoft.com.tr\/index.php\/tr\/akilli-enerji-yonetimi\/#breadcrumb"},"inLanguage":"tr","potentialAction":[{"@type":"ReadAction","target":["https:\/\/renewasoft.com.tr\/index.php\/tr\/akilli-enerji-yonetimi\/"]}]},{"@type":"BreadcrumbList","@id":"https:\/\/renewasoft.com.tr\/index.php\/tr\/akilli-enerji-yonetimi\/#breadcrumb","itemListElement":[{"@type":"ListItem","position":1,"name":"Anasayfa","item":"https:\/\/renewasoft.com.tr\/index.php\/tr\/ana-sayfa\/"},{"@type":"ListItem","position":2,"name":"Ak\u0131ll\u0131 Enerji Y\u00f6netimi"}]},{"@type":"WebSite","@id":"https:\/\/renewasoft.com.tr\/#website","url":"https:\/\/renewasoft.com.tr\/","name":"Renewasoft Enerji ve Yaz\u0131l\u0131m A.\u015e","description":"","publisher":{"@id":"https:\/\/renewasoft.com.tr\/#organization"},"potentialAction":[{"@type":"SearchAction","target":{"@type":"EntryPoint","urlTemplate":"https:\/\/renewasoft.com.tr\/?s={search_term_string}"},"query-input":{"@type":"PropertyValueSpecification","valueRequired":true,"valueName":"search_term_string"}}],"inLanguage":"tr"},{"@type":"Organization","@id":"https:\/\/renewasoft.com.tr\/#organization","name":"Renewasoft Enerji ve Yaz\u0131l\u0131m A.\u015e","url":"https:\/\/renewasoft.com.tr\/","logo":{"@type":"ImageObject","inLanguage":"tr","@id":"https:\/\/renewasoft.com.tr\/#\/schema\/logo\/image\/","url":"https:\/\/renewasoft.com.tr\/wp-content\/uploads\/2025\/03\/images.jpg","contentUrl":"https:\/\/renewasoft.com.tr\/wp-content\/uploads\/2025\/03\/images.jpg","width":225,"height":225,"caption":"Renewasoft Enerji ve Yaz\u0131l\u0131m A.\u015e"},"image":{"@id":"https:\/\/renewasoft.com.tr\/#\/schema\/logo\/image\/"},"sameAs":["https:\/\/www.linkedin.com\/company\/renewasoft\/"]}]}},"_links":{"self":[{"href":"https:\/\/renewasoft.com.tr\/index.php\/wp-json\/wp\/v2\/pages\/240","targetHints":{"allow":["GET"]}}],"collection":[{"href":"https:\/\/renewasoft.com.tr\/index.php\/wp-json\/wp\/v2\/pages"}],"about":[{"href":"https:\/\/renewasoft.com.tr\/index.php\/wp-json\/wp\/v2\/types\/page"}],"author":[{"embeddable":true,"href":"https:\/\/renewasoft.com.tr\/index.php\/wp-json\/wp\/v2\/users\/1"}],"replies":[{"embeddable":true,"href":"https:\/\/renewasoft.com.tr\/index.php\/wp-json\/wp\/v2\/comments?post=240"}],"version-history":[{"count":15,"href":"https:\/\/renewasoft.com.tr\/index.php\/wp-json\/wp\/v2\/pages\/240\/revisions"}],"predecessor-version":[{"id":2130,"href":"https:\/\/renewasoft.com.tr\/index.php\/wp-json\/wp\/v2\/pages\/240\/revisions\/2130"}],"wp:attachment":[{"href":"https:\/\/renewasoft.com.tr\/index.php\/wp-json\/wp\/v2\/media?parent=240"}],"curies":[{"name":"wp","href":"https:\/\/api.w.org\/{rel}","templated":true}]}}