{"id":52,"date":"2020-07-06T07:21:59","date_gmt":"2020-07-06T07:21:59","guid":{"rendered":"https:\/\/wpriverthemes.com\/anada\/?page_id=52"},"modified":"2025-11-22T20:25:39","modified_gmt":"2025-11-22T20:25:39","slug":"hakkimizda","status":"publish","type":"page","link":"https:\/\/renewasoft.com.tr\/index.php\/tr\/hakkimizda\/","title":{"rendered":"Hakk\u0131m\u0131zda"},"content":{"rendered":"<div class=\"wpb-content-wrapper\"><p>[vc_row][vc_column]<!-- Start Our About\r\n============================================= -->\r\n<div class=\"about-area bg-gray overflow-hidden rectangular-shape default-padding\">\r\n    <div class=\"container\">\r\n        <div class=\"about-items choseus-items right-thumb\">\r\n            <div class=\"row align-center\">\r\n                <div class=\"col-lg-6\">\r\n                    <div class=\"info wow fadeInLeft\">\r\n                        <h2>HYDROWISE ile Yapay Zek\u00e2 Destekli Ak\u0131ll\u0131 Enerji Y\u00f6netimi<\/h2>\r\n                        <p>\r\n                            Renewasoft olarak, baraj gerektirmeyen nehir tipi hidroelektrik santraller i\u00e7in geli\u015ftirdi\u011fimiz HYDROWISE \u2013 Yapay Zek\u00e2 Destekli HES Y\u00f6netim Sistemi ile enerji sekt\u00f6r\u00fcnde dijital d\u00f6n\u00fc\u015f\u00fcm, \u00fcretim tahmini ve veri analiti\u011fi alanlar\u0131nda \u00f6nc\u00fc olmay\u0131 hedefleyen yenilik\u00e7i bir start-up\u2019\u0131z.<\/p>\n<p>HYDROWISE; yapay zek\u00e2 tabanl\u0131 \u00fcretim tahmini, kestirimci bak\u0131m, su ak\u0131\u015f tahmini, meteorolojik veri i\u015fleme, SCADA entegrasyonu ve b\u00fcy\u00fck veri analiti\u011fi gibi kritik mod\u00fclleri tek bir bulut platformunda sunar. Bu sayede hidroelektrik santrallerin verimlili\u011fini art\u0131r\u0131r, operasyonel riskleri azalt\u0131r ve s\u00fcrd\u00fcr\u00fclebilir enerji \u00fcretimine katk\u0131 sa\u011flar.<\/p>\n<p>Giri\u015fim modelimiz, T\u00fcrkiye\u2019nin \u00f6nde gelen bilim ve teknoloji kurumu olan T\u00dcB\u0130TAK taraf\u0131ndan y\u00fcr\u00fct\u00fclen Yat\u0131r\u0131m Tabanl\u0131 Giri\u015fimcilik Destek Program\u0131 kapsam\u0131nda \u201cM\u00fckemmeliyet M\u00fchr\u00fc\u201d ile tescillenmi\u015ftir. Ayr\u0131ca projemiz, T\u00dcB\u0130TAK\u2019\u0131n sa\u011flad\u0131\u011f\u0131 \u00e7ekirdek \u00f6ncesi (pre-seed) yat\u0131r\u0131m deste\u011fiyle fonlanmakta olup T\u00dcB\u0130TAK, %3 sermaye pay\u0131 ile Renewasoft\u2019un ortaklar\u0131 aras\u0131nda yer almaktad\u0131r.<\/p>\n<p>\ud83d\udccd \u00c7al\u0131\u015fmalar\u0131m\u0131z\u0131 Dijitalpark Teknokent \u2013 Rize Yerle\u015fkesi'nde s\u00fcrd\u00fcrerek hidroelektrik sekt\u00f6r\u00fcn\u00fcn dijital d\u00f6n\u00fc\u015f\u00fcm\u00fcne y\u00f6n veriyoruz. \r\n                        <\/p>\r\n                        <h4>Yapay zek\u00e2 d\u00f6n\u00fc\u015f\u00fcm\u00fcn\u00fcz\u00fc sadece 3 ad\u0131mda ba\u015flat\u0131n!<\/h4>\r\n                        <ul><li>\r\n                <span><i class=\"ti-check\"><\/i> Yapay Zek\u00e2 Verilerinin SCADA &amp; IoT Sens\u00f6r Entegrasyonu<\/span>\r\n                <\/li><li>\r\n                <span><i class=\"ti-check\"><\/i> Lokasyon Bazl\u0131 Hava Durumu Verilerinin Yapay Zek\u00e2 Destekli Analizi<\/span>\r\n                <\/li><li>\r\n                <span><i class=\"ti-check\"><\/i> Su Ak\u0131\u015f Verilerinin Yapay Zek\u00e2 Destekli Analizi<\/span>\r\n                <\/li><\/ul>\r\n                    <\/div>\r\n                <\/div>\r\n                <div class=\"col-lg-6\">\r\n                    <div class=\"thumb wow fadeInUp\" data-wow-delay=\"0.5s\">\r\n                        <img decoding=\"async\" src=\"https:\/\/renewasoft.com.tr\/wp-content\/uploads\/2021\/01\/20.png\" alt=\"Thumb\">\r\n                    <\/div>\r\n                <\/div>\r\n            <\/div>\r\n        <\/div>\r\n    <\/div>\r\n<\/div>\r\n<!-- End Our About -->[\/vc_column][\/vc_row][vc_row][vc_column]<!-- Star Features\r\n    ============================================= -->\r\n    <div class=\"features-list bottom-less text-light bg-gray\">\r\n        <div class=\"container\">\r\n            <div class=\"row\"><!-- Single Item -->\r\n                <div class=\"single-item col-lg-4\">\r\n                    <div class=\"item wow fadeInUp\" data-wow-delay=\"400ms\">\r\n                        <i class=\"flaticon-server-2\"><\/i>\r\n                        <h4>AI Ak\u0131ll\u0131 Enerji Y\u00f6netimi<\/h4>\r\n                        <ul>\r\n                            <li>Yapay zek\u00e2 destekli SCADA ve IoT verileriyle ger\u00e7ek zamanl\u0131 analiz<\/li>\r\n                            <li>Yapay zek\u00e2 destekli otomatik enerji tahmini ve optimizasyon<\/li>\r\n                            <li>Yapay zek\u00e2 destekli karar destek sistemleriyle verimli enerji y\u00f6netimi<\/li>\r\n                            <li>Yapay zek\u00e2 destekli EP\u0130A\u015e (Enerji piyasalar\u0131 i\u015fletme A.\u015e.) veri entegrasyonu<\/li>\r\n                        <\/ul>\r\n                    <\/div>\r\n                <\/div>\r\n                <!-- Single Item --><!-- Single Item -->\r\n                <div class=\"single-item col-lg-4\">\r\n                    <div class=\"item wow fadeInUp\" data-wow-delay=\"400ms\">\r\n                        <i class=\"flaticon-machine-learning-1\"><\/i>\r\n                        <h4>AI G\u00f6r\u00fcnt\u00fc \u0130\u015fleme ve Su Ak\u0131\u015f Tahmini<\/h4>\r\n                        <ul>\r\n                            <li>Yapay zek\u00e2 destekli \u00fcretilen su ak\u0131\u015f verileri tahmini<\/li>\r\n                            <li>Yapay zek\u00e2 destekli g\u00f6r\u00fcnt\u00fc i\u015fleme tabanl\u0131 nehir y\u00f6netimi<\/li>\r\n                            <li>Yapay zek\u00e2 destekli radar ve kamera tabanl\u0131 ak\u0131\u015f \u00f6l\u00e7\u00fcm sistemleri<\/li>\r\n                            <li>Yapay zek\u00e2 destekli meteorolojik verilerle entegre su tahmini<\/li>\r\n                        <\/ul>\r\n                    <\/div>\r\n                <\/div>\r\n                <!-- Single Item --><!-- Single Item -->\r\n                <div class=\"single-item col-lg-4\">\r\n                    <div class=\"item wow fadeInUp\" data-wow-delay=\"400ms\">\r\n                        <i class=\"flaticon-machine-learning-1\"><\/i>\r\n                        <h4>AI Kestirimci Bak\u0131m \u00c7\u00f6z\u00fcmleri<\/h4>\r\n                        <ul>\r\n                            <li>Yapay zek\u00e2 destekli ar\u0131za kestirimi ile \u00f6nleyici bak\u0131m<\/li>\r\n                            <li>Yapay zek\u00e2 destekli SCADA sistemleriyle entegre ar\u0131za tahmini<\/li>\r\n                            <li>Yapay zek\u00e2 destekli bak\u0131m maliyetlerini d\u00fc\u015f\u00fcrme<\/li>\r\n                            <li>Yapay zek\u00e2 destekli kesintisiz enerji \u00fcretimi i\u00e7in veri analiti\u011fi<\/li>\r\n                        <\/ul>\r\n                    <\/div>\r\n                <\/div>\r\n                <!-- Single Item --><img decoding=\"async\" src=\"https:\/\/renewasoft.com.tr\/wp-content\/uploads\/2025\/10\/Ekran-goruntusu-2025-10-17-161501.png\" alt=\"Thumb\"><img decoding=\"async\" src=\"https:\/\/renewasoft.com.tr\/wp-content\/uploads\/2025\/10\/Ekran-goruntusu-2025-10-17-161501.png\" alt=\"Thumb\"><!-- Single Item -->\r\n                <div class=\"single-item col-lg-4\">\r\n                    <div class=\"item wow fadeInUp\" data-wow-delay=\"400ms\">\r\n                        <i class=\"flaticon-robot\"><\/i>\r\n                        <h4>AI Meteorolojik Veri Analizi<\/h4>\r\n                        <ul>\r\n                            <li>Yapay zek\u00e2 destekli hava durumu de\u011fi\u015fkenleriyle enerji tahmini<\/li>\r\n                            <li>Yapay zek\u00e2 destekli su ak\u0131\u015f\u0131 ve hava verisi entegrasyonu<\/li>\r\n                            <li>Yapay zek\u00e2 destekli r\u00fczgar, ya\u011f\u0131\u015f ve s\u0131cakl\u0131k verileriyle analiz<\/li>\r\n                            <li>Yapay zek\u00e2 destekli enerji kaynaklar\u0131 i\u00e7in veri optimizasyonu<\/li>\r\n                        <\/ul>\r\n                    <\/div>\r\n                <\/div>\r\n                <!-- Single Item --><\/div>\r\n        <\/div>\r\n        <!-- Fixed BG -->\r\n        <div class=\"fixed-bg\" style=\"background-image: url(https:\/\/renewasoft.com.tr\/wp-content\/uploads\/2020\/07\/9.svg);\"><\/div>\r\n        <!-- Fixed BG -->\r\n    <\/div>\r\n    <!-- End Features -->[\/vc_column][\/vc_row][vc_row][vc_column]<!-- Start Skill Area\r\n============================================= -->\r\n<div class=\"skill-area overflow-hidden center-mobile circular-shape default-padding\">\r\n    <div class=\"container\">\r\n        <div class=\"skill-items\">\r\n            <div class=\"row\">\r\n                <div class=\"col-lg-6 info\">\r\n                    <h2>Yetkinlikler<\/h2>\r\n                    <h3>Dijital D\u00f6n\u00fc\u015f\u00fcm ve Ak\u0131ll\u0131 Enerji Y\u00f6netimi<\/h3>\r\n                    <p>\r\n                        HYDROWISE, hidroelektrik santrallerde u\u00e7tan uca dijital d\u00f6n\u00fc\u015f\u00fcm sa\u011flayan b\u00fct\u00fcnle\u015fik bir yapay zek\u00e2 platformudur.<br \/>\nGer\u00e7ek zamanl\u0131 enerji y\u00f6netimi, veri analiti\u011fi, yapay zek\u00e2 destekli \u00fcretim tahminleme, g\u00f6r\u00fcnt\u00fc i\u015fleme tabanl\u0131 su ak\u0131\u015f \u00f6ng\u00f6r\u00fcleri, kestirimci bak\u0131m, meteorolojik veri analizi ve fizibilite\u2013karar destek mekanizmalar\u0131 gibi kritik mod\u00fclleri tek bir altyap\u0131da birle\u015ftirir.<\/p>\n<p>Bu kapsaml\u0131 ekosistem sayesinde hidroelektrik santraller daha verimli, daha g\u00fcvenli ve daha s\u00fcrd\u00fcr\u00fclebilir bir operasyon y\u00f6netimine kavu\u015fur.\r\n                    <\/p>\r\n                    <div class=\"skill-items\"><\/div>\r\n                    <\/div>\r\n                    <div class=\"col-lg-6 thumb\">\r\n                        <div class=\"image-box\">\r\n                            <img decoding=\"async\" class=\"wow fadeInRight\" data-wow-delay=\"0.6s\" src=\"https:\/\/renewasoft.com.tr\/wp-content\/uploads\/2025\/02\/add-scada-symbol-widget-2-ce.png\" alt=\"Thumb\">\r\n                            <img decoding=\"async\" class=\"wow fadeInLeft\" data-wow-delay=\"0.8s\"  src=\"https:\/\/renewasoft.com.tr\/wp-content\/uploads\/2025\/02\/bachmann-atvise-scada-opc-ua-mqtt.png\" alt=\"Thumb\">\r\n                        <\/div>\r\n                    <\/div>\r\n                <\/div>\r\n            <\/div>\r\n        <\/div>\r\n    <\/div>\r\n    <!-- End Skill Area -->[\/vc_column][\/vc_row][vc_row][vc_column][vc_column_text][\/vc_column_text][\/vc_column][\/vc_row]<\/p>\n<\/div>","protected":false},"excerpt":{"rendered":"<p>[vc_row][vc_column][\/vc_column][\/vc_row][vc_row][vc_column][\/vc_column][\/vc_row][vc_row][vc_column][\/vc_column][\/vc_row][vc_row][vc_column][vc_column_text][\/vc_column_text][\/vc_column][\/vc_row]<\/p>\n","protected":false},"author":1,"featured_media":0,"parent":0,"menu_order":0,"comment_status":"closed","ping_status":"closed","template":"page-templates\/pages.php","meta":{"footnotes":""},"class_list":["post-52","page","type-page","status-publish","hentry"],"yoast_head":"<!-- This site is optimized with the Yoast SEO plugin v24.7 - https:\/\/yoast.com\/wordpress\/plugins\/seo\/ -->\n<title>Hakk\u0131m\u0131zda - Renewasoft Enerji ve Yaz\u0131l\u0131m A.\u015e<\/title>\n<meta name=\"robots\" content=\"index, follow, max-snippet:-1, max-image-preview:large, max-video-preview:-1\" \/>\n<link rel=\"canonical\" href=\"https:\/\/renewasoft.com.tr\/index.php\/tr\/hakkimizda\/\" \/>\n<meta property=\"og:locale\" content=\"tr_TR\" \/>\n<meta property=\"og:type\" content=\"article\" \/>\n<meta property=\"og:title\" content=\"Hakk\u0131m\u0131zda - Renewasoft Enerji ve Yaz\u0131l\u0131m A.\u015e\" \/>\n<meta property=\"og:description\" content=\"[vc_row][vc_column][\/vc_column][\/vc_row][vc_row][vc_column][\/vc_column][\/vc_row][vc_row][vc_column][\/vc_column][\/vc_row][vc_row][vc_column][vc_column_text][\/vc_column_text][\/vc_column][\/vc_row]\" \/>\n<meta property=\"og:url\" content=\"https:\/\/renewasoft.com.tr\/index.php\/tr\/hakkimizda\/\" \/>\n<meta property=\"og:site_name\" content=\"Renewasoft Enerji ve Yaz\u0131l\u0131m A.\u015e\" \/>\n<meta property=\"article:modified_time\" content=\"2025-11-22T20:25:39+00:00\" \/>\n<meta name=\"twitter:card\" content=\"summary_large_image\" \/>\n<meta name=\"twitter:label1\" content=\"Tahmini okuma s\u00fcresi\" \/>\n\t<meta name=\"twitter:data1\" content=\"4 dakika\" \/>\n<script type=\"application\/ld+json\" class=\"yoast-schema-graph\">{\"@context\":\"https:\/\/schema.org\",\"@graph\":[{\"@type\":\"WebPage\",\"@id\":\"https:\/\/renewasoft.com.tr\/index.php\/tr\/hakkimizda\/\",\"url\":\"https:\/\/renewasoft.com.tr\/index.php\/tr\/hakkimizda\/\",\"name\":\"Hakk\u0131m\u0131zda - Renewasoft Enerji ve Yaz\u0131l\u0131m A.\u015e\",\"isPartOf\":{\"@id\":\"https:\/\/renewasoft.com.tr\/#website\"},\"datePublished\":\"2020-07-06T07:21:59+00:00\",\"dateModified\":\"2025-11-22T20:25:39+00:00\",\"breadcrumb\":{\"@id\":\"https:\/\/renewasoft.com.tr\/index.php\/tr\/hakkimizda\/#breadcrumb\"},\"inLanguage\":\"tr\",\"potentialAction\":[{\"@type\":\"ReadAction\",\"target\":[\"https:\/\/renewasoft.com.tr\/index.php\/tr\/hakkimizda\/\"]}]},{\"@type\":\"BreadcrumbList\",\"@id\":\"https:\/\/renewasoft.com.tr\/index.php\/tr\/hakkimizda\/#breadcrumb\",\"itemListElement\":[{\"@type\":\"ListItem\",\"position\":1,\"name\":\"Anasayfa\",\"item\":\"https:\/\/renewasoft.com.tr\/index.php\/tr\/ana-sayfa\/\"},{\"@type\":\"ListItem\",\"position\":2,\"name\":\"Hakk\u0131m\u0131zda\"}]},{\"@type\":\"WebSite\",\"@id\":\"https:\/\/renewasoft.com.tr\/#website\",\"url\":\"https:\/\/renewasoft.com.tr\/\",\"name\":\"Renewasoft Enerji ve Yaz\u0131l\u0131m A.\u015e\",\"description\":\"\",\"publisher\":{\"@id\":\"https:\/\/renewasoft.com.tr\/#organization\"},\"potentialAction\":[{\"@type\":\"SearchAction\",\"target\":{\"@type\":\"EntryPoint\",\"urlTemplate\":\"https:\/\/renewasoft.com.tr\/?s={search_term_string}\"},\"query-input\":{\"@type\":\"PropertyValueSpecification\",\"valueRequired\":true,\"valueName\":\"search_term_string\"}}],\"inLanguage\":\"tr\"},{\"@type\":\"Organization\",\"@id\":\"https:\/\/renewasoft.com.tr\/#organization\",\"name\":\"Renewasoft Enerji ve Yaz\u0131l\u0131m A.\u015e\",\"url\":\"https:\/\/renewasoft.com.tr\/\",\"logo\":{\"@type\":\"ImageObject\",\"inLanguage\":\"tr\",\"@id\":\"https:\/\/renewasoft.com.tr\/#\/schema\/logo\/image\/\",\"url\":\"https:\/\/renewasoft.com.tr\/wp-content\/uploads\/2025\/03\/images.jpg\",\"contentUrl\":\"https:\/\/renewasoft.com.tr\/wp-content\/uploads\/2025\/03\/images.jpg\",\"width\":225,\"height\":225,\"caption\":\"Renewasoft Enerji ve Yaz\u0131l\u0131m A.\u015e\"},\"image\":{\"@id\":\"https:\/\/renewasoft.com.tr\/#\/schema\/logo\/image\/\"},\"sameAs\":[\"https:\/\/www.linkedin.com\/company\/renewasoft\/\"]}]}<\/script>\n<!-- \/ Yoast SEO plugin. -->","yoast_head_json":{"title":"Hakk\u0131m\u0131zda - Renewasoft Enerji ve Yaz\u0131l\u0131m A.\u015e","robots":{"index":"index","follow":"follow","max-snippet":"max-snippet:-1","max-image-preview":"max-image-preview:large","max-video-preview":"max-video-preview:-1"},"canonical":"https:\/\/renewasoft.com.tr\/index.php\/tr\/hakkimizda\/","og_locale":"tr_TR","og_type":"article","og_title":"Hakk\u0131m\u0131zda - Renewasoft Enerji ve Yaz\u0131l\u0131m A.\u015e","og_description":"[vc_row][vc_column][\/vc_column][\/vc_row][vc_row][vc_column][\/vc_column][\/vc_row][vc_row][vc_column][\/vc_column][\/vc_row][vc_row][vc_column][vc_column_text][\/vc_column_text][\/vc_column][\/vc_row]","og_url":"https:\/\/renewasoft.com.tr\/index.php\/tr\/hakkimizda\/","og_site_name":"Renewasoft Enerji ve Yaz\u0131l\u0131m A.\u015e","article_modified_time":"2025-11-22T20:25:39+00:00","twitter_card":"summary_large_image","twitter_misc":{"Tahmini okuma s\u00fcresi":"4 dakika"},"schema":{"@context":"https:\/\/schema.org","@graph":[{"@type":"WebPage","@id":"https:\/\/renewasoft.com.tr\/index.php\/tr\/hakkimizda\/","url":"https:\/\/renewasoft.com.tr\/index.php\/tr\/hakkimizda\/","name":"Hakk\u0131m\u0131zda - Renewasoft Enerji ve Yaz\u0131l\u0131m A.\u015e","isPartOf":{"@id":"https:\/\/renewasoft.com.tr\/#website"},"datePublished":"2020-07-06T07:21:59+00:00","dateModified":"2025-11-22T20:25:39+00:00","breadcrumb":{"@id":"https:\/\/renewasoft.com.tr\/index.php\/tr\/hakkimizda\/#breadcrumb"},"inLanguage":"tr","potentialAction":[{"@type":"ReadAction","target":["https:\/\/renewasoft.com.tr\/index.php\/tr\/hakkimizda\/"]}]},{"@type":"BreadcrumbList","@id":"https:\/\/renewasoft.com.tr\/index.php\/tr\/hakkimizda\/#breadcrumb","itemListElement":[{"@type":"ListItem","position":1,"name":"Anasayfa","item":"https:\/\/renewasoft.com.tr\/index.php\/tr\/ana-sayfa\/"},{"@type":"ListItem","position":2,"name":"Hakk\u0131m\u0131zda"}]},{"@type":"WebSite","@id":"https:\/\/renewasoft.com.tr\/#website","url":"https:\/\/renewasoft.com.tr\/","name":"Renewasoft Enerji ve Yaz\u0131l\u0131m A.\u015e","description":"","publisher":{"@id":"https:\/\/renewasoft.com.tr\/#organization"},"potentialAction":[{"@type":"SearchAction","target":{"@type":"EntryPoint","urlTemplate":"https:\/\/renewasoft.com.tr\/?s={search_term_string}"},"query-input":{"@type":"PropertyValueSpecification","valueRequired":true,"valueName":"search_term_string"}}],"inLanguage":"tr"},{"@type":"Organization","@id":"https:\/\/renewasoft.com.tr\/#organization","name":"Renewasoft Enerji ve Yaz\u0131l\u0131m A.\u015e","url":"https:\/\/renewasoft.com.tr\/","logo":{"@type":"ImageObject","inLanguage":"tr","@id":"https:\/\/renewasoft.com.tr\/#\/schema\/logo\/image\/","url":"https:\/\/renewasoft.com.tr\/wp-content\/uploads\/2025\/03\/images.jpg","contentUrl":"https:\/\/renewasoft.com.tr\/wp-content\/uploads\/2025\/03\/images.jpg","width":225,"height":225,"caption":"Renewasoft Enerji ve Yaz\u0131l\u0131m A.\u015e"},"image":{"@id":"https:\/\/renewasoft.com.tr\/#\/schema\/logo\/image\/"},"sameAs":["https:\/\/www.linkedin.com\/company\/renewasoft\/"]}]}},"_links":{"self":[{"href":"https:\/\/renewasoft.com.tr\/index.php\/wp-json\/wp\/v2\/pages\/52","targetHints":{"allow":["GET"]}}],"collection":[{"href":"https:\/\/renewasoft.com.tr\/index.php\/wp-json\/wp\/v2\/pages"}],"about":[{"href":"https:\/\/renewasoft.com.tr\/index.php\/wp-json\/wp\/v2\/types\/page"}],"author":[{"embeddable":true,"href":"https:\/\/renewasoft.com.tr\/index.php\/wp-json\/wp\/v2\/users\/1"}],"replies":[{"embeddable":true,"href":"https:\/\/renewasoft.com.tr\/index.php\/wp-json\/wp\/v2\/comments?post=52"}],"version-history":[{"count":71,"href":"https:\/\/renewasoft.com.tr\/index.php\/wp-json\/wp\/v2\/pages\/52\/revisions"}],"predecessor-version":[{"id":2785,"href":"https:\/\/renewasoft.com.tr\/index.php\/wp-json\/wp\/v2\/pages\/52\/revisions\/2785"}],"wp:attachment":[{"href":"https:\/\/renewasoft.com.tr\/index.php\/wp-json\/wp\/v2\/media?parent=52"}],"curies":[{"name":"wp","href":"https:\/\/api.w.org\/{rel}","templated":true}]}}