{"id":73,"date":"2020-07-07T04:08:56","date_gmt":"2020-07-07T04:08:56","guid":{"rendered":"https:\/\/wpriverthemes.com\/anada\/?page_id=73"},"modified":"2025-11-21T17:14:36","modified_gmt":"2025-11-21T17:14:36","slug":"takimimiz","status":"publish","type":"page","link":"https:\/\/renewasoft.com.tr\/index.php\/tr\/takimimiz\/","title":{"rendered":"Tak\u0131m\u0131m\u0131z"},"content":{"rendered":"<div class=\"wpb-content-wrapper\"><p>[vc_row][vc_column]<!-- Start Our Team \r\n    ============================================= -->\r\n    <div class=\"our-team-area default-padding bottom-less\">\r\n        <div class=\"container\">\r\n            <div class=\"team-items text-center\">\r\n                <div class=\"row\">[vc_row_inner css=&#8221;.vc_custom_1763743403568{margin-top: 10px !important;margin-right: 10px !important;margin-bottom: 10px !important;margin-left: 10px !important;border-top-width: 2px !important;border-right-width: 2px !important;border-bottom-width: 2px !important;border-left-width: 2px !important;padding-top: 40px !important;padding-right: 30px !important;padding-bottom: 40px !important;padding-left: 30px !important;background-color: #EFEFEF !important;border-left-style: hidden !important;border-right-style: hidden !important;border-top-style: hidden !important;border-bottom-style: hidden !important;border-radius: 30px !important;border-color: #E0E0E0 !important;}&#8221;][vc_column_inner width=&#8221;1\/4&#8243;][vc_single_image image=&#8221;1601&#8243; img_size=&#8221;Large&#8221; css=&#8221;.vc_custom_1763743570221{border-radius: 30px !important;}&#8221;][\/vc_column_inner][vc_column_inner width=&#8221;3\/4&#8243;][vc_column_text css=&#8221;&#8221;]<\/p>\n<h1>Mehmet Sevri<\/h1>\n<h3>Kurucu Ortak, Genel M\u00fcd\u00fcr<\/h3>\n<p>Yapay zek\u00e2 destekli enerji y\u00f6netimi, SCADA entegrasyonu ve hidroelektrik santraller i\u00e7in dijital d\u00f6n\u00fc\u015f\u00fcm konular\u0131nda uzmanla\u015fm\u0131\u015ft\u0131r. Renewasoft Enerji ve Yaz\u0131l\u0131m A.\u015e.\u2019nin kurucu orta\u011f\u0131d\u0131r.<\/p>\n<div style=\"margin-top: 20px; display: flex; gap: 20px; justify-content: center; align-items: center;\"><a href=\"LINKEDIN_LINKIN\" target=\"_blank\" rel=\"noopener\"><br \/>\n<i class=\"fab fa-linkedin fa-2x\"><\/i><br \/>\n<\/a><br \/>\n<a href=\"GITHUB_LINKIN\" target=\"_blank\" rel=\"noopener\"><br \/>\n<i class=\"fab fa-github fa-2x\"><\/i><br \/>\n<\/a><br \/>\n<a href=\"INSTAGRAM_LINKIN\" target=\"_blank\" rel=\"noopener\"><br \/>\n<i class=\"fab fa-instagram fa-2x\"><\/i><br \/>\n<\/a><\/div>\n<p>[\/vc_column_text][\/vc_column_inner][\/vc_row_inner][vc_row_inner css=&#8221;.vc_custom_1763743403568{margin-top: 10px !important;margin-right: 10px !important;margin-bottom: 10px !important;margin-left: 10px !important;border-top-width: 2px !important;border-right-width: 2px !important;border-bottom-width: 2px !important;border-left-width: 2px !important;padding-top: 40px !important;padding-right: 30px !important;padding-bottom: 40px !important;padding-left: 30px !important;background-color: #EFEFEF !important;border-left-style: hidden !important;border-right-style: hidden !important;border-top-style: hidden !important;border-bottom-style: hidden !important;border-radius: 30px !important;border-color: #E0E0E0 !important;}&#8221;][vc_column_inner width=&#8221;1\/4&#8243;][vc_single_image image=&#8221;2117&#8243; img_size=&#8221;Large&#8221; css=&#8221;&#8221;][\/vc_column_inner][vc_column_inner width=&#8221;3\/4&#8243;][vc_column_text css=&#8221;&#8221;]<\/p>\n<h1>Ensar \u0130lanc\u0131<\/h1>\n<h3>Kurucu Ortak, Elektrik Elektronik M\u00fchendisi<\/h3>\n<p>Yapay zek\u00e2 destekli enerji y\u00f6netimi, SCADA entegrasyonu ve hidroelektrik santraller i\u00e7in dijital d\u00f6n\u00fc\u015f\u00fcm konular\u0131nda uzmanla\u015fm\u0131\u015ft\u0131r. Renewasoft Enerji ve Yaz\u0131l\u0131m A.\u015e.\u2019nin kurucu orta\u011f\u0131d\u0131r.<\/p>\n<div style=\"margin-top: 20px; display: flex; gap: 20px; justify-content: center; align-items: center;\"><a href=\"LINKEDIN_LINKIN\" target=\"_blank\" rel=\"noopener\"><br \/>\n<i class=\"fab fa-linkedin fa-2x\"><\/i><br \/>\n<\/a><br \/>\n<a href=\"GITHUB_LINKIN\" target=\"_blank\" rel=\"noopener\"><br \/>\n<i class=\"fab fa-github fa-2x\"><\/i><br \/>\n<\/a><br \/>\n<a href=\"INSTAGRAM_LINKIN\" target=\"_blank\" rel=\"noopener\"><br \/>\n<i class=\"fab fa-instagram fa-2x\"><\/i><br \/>\n<\/a><\/div>\n<p>[\/vc_column_text][\/vc_column_inner][\/vc_row_inner][vc_row_inner css=&#8221;.vc_custom_1763743403568{margin-top: 10px !important;margin-right: 10px !important;margin-bottom: 10px !important;margin-left: 10px !important;border-top-width: 2px !important;border-right-width: 2px !important;border-bottom-width: 2px !important;border-left-width: 2px !important;padding-top: 40px !important;padding-right: 30px !important;padding-bottom: 40px !important;padding-left: 30px !important;background-color: #EFEFEF !important;border-left-style: hidden !important;border-right-style: hidden !important;border-top-style: hidden !important;border-bottom-style: hidden !important;border-radius: 30px !important;border-color: #E0E0E0 !important;}&#8221;][vc_column_inner width=&#8221;1\/4&#8243; css=&#8221;.vc_custom_1763743624755{border-radius: 30px !important;}&#8221;][vc_single_image image=&#8221;1603&#8243; img_size=&#8221;Large&#8221; css=&#8221;&#8221;][\/vc_column_inner][vc_column_inner width=&#8221;3\/4&#8243;][vc_column_text css=&#8221;&#8221;]<\/p>\n<h1>Ramazan Serhat Uygun<\/h1>\n<h3>Bilgisayar M\u00fchendisi<\/h3>\n<p>Yapay zek\u00e2 destekli enerji y\u00f6netimi, SCADA entegrasyonu ve hidroelektrik santraller i\u00e7in dijital d\u00f6n\u00fc\u015f\u00fcm konular\u0131nda uzmanla\u015fm\u0131\u015ft\u0131r. Renewasoft Enerji ve Yaz\u0131l\u0131m A.\u015e.\u2019nin kurucu orta\u011f\u0131d\u0131r.<\/p>\n<div style=\"margin-top: 20px; display: flex; gap: 20px; justify-content: center; align-items: center;\"><a href=\"LINKEDIN_LINKIN\" target=\"_blank\" rel=\"noopener\"><br \/>\n<i class=\"fab fa-linkedin fa-2x\"><\/i><br \/>\n<\/a><br \/>\n<a href=\"GITHUB_LINKIN\" target=\"_blank\" rel=\"noopener\"><br \/>\n<i class=\"fab fa-github fa-2x\"><\/i><br \/>\n<\/a><br \/>\n<a href=\"INSTAGRAM_LINKIN\" target=\"_blank\" rel=\"noopener\"><br \/>\n<i class=\"fab fa-instagram fa-2x\"><\/i><br \/>\n<\/a><\/div>\n<p>[\/vc_column_text][\/vc_column_inner][\/vc_row_inner][vc_row_inner css=&#8221;.vc_custom_1763743403568{margin-top: 10px !important;margin-right: 10px !important;margin-bottom: 10px !important;margin-left: 10px !important;border-top-width: 2px !important;border-right-width: 2px !important;border-bottom-width: 2px !important;border-left-width: 2px !important;padding-top: 40px !important;padding-right: 30px !important;padding-bottom: 40px !important;padding-left: 30px !important;background-color: #EFEFEF !important;border-left-style: hidden !important;border-right-style: hidden !important;border-top-style: hidden !important;border-bottom-style: hidden !important;border-radius: 30px !important;border-color: #E0E0E0 !important;}&#8221;][vc_column_inner width=&#8221;1\/4&#8243;][vc_single_image image=&#8221;1806&#8243; img_size=&#8221;Large&#8221; css=&#8221;&#8221;][\/vc_column_inner][vc_column_inner width=&#8221;3\/4&#8243;][vc_column_text css=&#8221;&#8221;]<\/p>\n<h1>Fahrettin Solak<\/h1>\n<h3>Bilgisayar M\u00fchendisi<\/h3>\n<p>Yapay zek\u00e2 destekli enerji y\u00f6netimi, SCADA entegrasyonu ve hidroelektrik santraller i\u00e7in dijital d\u00f6n\u00fc\u015f\u00fcm konular\u0131nda uzmanla\u015fm\u0131\u015ft\u0131r. Renewasoft Enerji ve Yaz\u0131l\u0131m A.\u015e.\u2019nin kurucu orta\u011f\u0131d\u0131r.<\/p>\n<div style=\"margin-top: 20px; display: flex; gap: 20px; justify-content: center; align-items: center;\"><a href=\"LINKEDIN_LINKIN\" target=\"_blank\" rel=\"noopener\"><br \/>\n<i class=\"fab fa-linkedin fa-2x\"><\/i><br \/>\n<\/a><br \/>\n<a href=\"GITHUB_LINKIN\" target=\"_blank\" rel=\"noopener\"><br \/>\n<i class=\"fab fa-github fa-2x\"><\/i><br \/>\n<\/a><br \/>\n<a href=\"INSTAGRAM_LINKIN\" target=\"_blank\" rel=\"noopener\"><br \/>\n<i class=\"fab fa-instagram fa-2x\"><\/i><br \/>\n<\/a><\/div>\n<p>[\/vc_column_text][\/vc_column_inner][\/vc_row_inner]<\/div>\r\n            <\/div>\r\n        <\/div>\r\n    <\/div>\r\n    <!-- End Our Team -->[\/vc_column][\/vc_row]<\/p>\n<\/div>","protected":false},"excerpt":{"rendered":"<p>[vc_row][vc_column][vc_row_inner css=&#8221;.vc_custom_1763743403568{margin-top: 10px !important;margin-right: 10px !important;margin-bottom: 10px !important;margin-left: 10px !important;border-top-width: 2px !important;border-right-width: 2px !important;border-bottom-width: 2px !important;border-left-width: 2px !important;padding-top: 40px !important;padding-right: 30px !important;padding-bottom: 40px !important;padding-left: 30px !important;background-color: #EFEFEF !important;border-left-style: hidden !important;border-right-style: hidden !important;border-top-style: hidden !important;border-bottom-style: hidden !important;border-radius: 30px !important;border-color: #E0E0E0 !important;}&#8221;][vc_column_inner width=&#8221;1\/4&#8243;][vc_single_image image=&#8221;1601&#8243; img_size=&#8221;Large&#8221; css=&#8221;.vc_custom_1763743570221{border-radius: 30px !important;}&#8221;][\/vc_column_inner][vc_column_inner width=&#8221;3\/4&#8243;][vc_column_text css=&#8221;&#8221;] Mehmet Sevri Kurucu Ortak, Genel M\u00fcd\u00fcr Yapay [&hellip;]<\/p>\n","protected":false},"author":1,"featured_media":0,"parent":0,"menu_order":0,"comment_status":"closed","ping_status":"closed","template":"page-templates\/pages.php","meta":{"footnotes":""},"class_list":["post-73","page","type-page","status-publish","hentry"],"yoast_head":"<!-- This site is optimized with the Yoast SEO plugin v24.7 - https:\/\/yoast.com\/wordpress\/plugins\/seo\/ -->\n<title>Tak\u0131m\u0131m\u0131z - Renewasoft Enerji ve Yaz\u0131l\u0131m A.\u015e<\/title>\n<meta name=\"robots\" content=\"index, follow, max-snippet:-1, max-image-preview:large, max-video-preview:-1\" \/>\n<link rel=\"canonical\" href=\"https:\/\/renewasoft.com.tr\/index.php\/tr\/takimimiz\/\" \/>\n<meta property=\"og:locale\" content=\"tr_TR\" \/>\n<meta property=\"og:type\" content=\"article\" \/>\n<meta property=\"og:title\" content=\"Tak\u0131m\u0131m\u0131z - Renewasoft Enerji ve Yaz\u0131l\u0131m A.\u015e\" \/>\n<meta property=\"og:description\" content=\"[vc_row][vc_column][vc_row_inner css=&#8221;.vc_custom_1763743403568{margin-top: 10px !important;margin-right: 10px !important;margin-bottom: 10px !important;margin-left: 10px !important;border-top-width: 2px !important;border-right-width: 2px !important;border-bottom-width: 2px !important;border-left-width: 2px !important;padding-top: 40px !important;padding-right: 30px !important;padding-bottom: 40px !important;padding-left: 30px !important;background-color: #EFEFEF !important;border-left-style: hidden !important;border-right-style: hidden !important;border-top-style: hidden !important;border-bottom-style: hidden !important;border-radius: 30px !important;border-color: #E0E0E0 !important;}&#8221;][vc_column_inner width=&#8221;1\/4&#8243;][vc_single_image image=&#8221;1601&#8243; img_size=&#8221;Large&#8221; css=&#8221;.vc_custom_1763743570221{border-radius: 30px !important;}&#8221;][\/vc_column_inner][vc_column_inner width=&#8221;3\/4&#8243;][vc_column_text css=&#8221;&#8221;] Mehmet Sevri Kurucu Ortak, Genel M\u00fcd\u00fcr Yapay [&hellip;]\" \/>\n<meta property=\"og:url\" content=\"https:\/\/renewasoft.com.tr\/index.php\/tr\/takimimiz\/\" \/>\n<meta property=\"og:site_name\" content=\"Renewasoft Enerji ve Yaz\u0131l\u0131m A.\u015e\" \/>\n<meta property=\"article:modified_time\" content=\"2025-11-21T17:14:36+00:00\" \/>\n<meta name=\"twitter:card\" content=\"summary_large_image\" \/>\n<meta name=\"twitter:label1\" content=\"Tahmini okuma s\u00fcresi\" \/>\n\t<meta name=\"twitter:data1\" content=\"3 dakika\" \/>\n<script type=\"application\/ld+json\" class=\"yoast-schema-graph\">{\"@context\":\"https:\/\/schema.org\",\"@graph\":[{\"@type\":\"WebPage\",\"@id\":\"https:\/\/renewasoft.com.tr\/index.php\/tr\/takimimiz\/\",\"url\":\"https:\/\/renewasoft.com.tr\/index.php\/tr\/takimimiz\/\",\"name\":\"Tak\u0131m\u0131m\u0131z - Renewasoft Enerji ve Yaz\u0131l\u0131m A.\u015e\",\"isPartOf\":{\"@id\":\"https:\/\/renewasoft.com.tr\/#website\"},\"datePublished\":\"2020-07-07T04:08:56+00:00\",\"dateModified\":\"2025-11-21T17:14:36+00:00\",\"breadcrumb\":{\"@id\":\"https:\/\/renewasoft.com.tr\/index.php\/tr\/takimimiz\/#breadcrumb\"},\"inLanguage\":\"tr\",\"potentialAction\":[{\"@type\":\"ReadAction\",\"target\":[\"https:\/\/renewasoft.com.tr\/index.php\/tr\/takimimiz\/\"]}]},{\"@type\":\"BreadcrumbList\",\"@id\":\"https:\/\/renewasoft.com.tr\/index.php\/tr\/takimimiz\/#breadcrumb\",\"itemListElement\":[{\"@type\":\"ListItem\",\"position\":1,\"name\":\"Anasayfa\",\"item\":\"https:\/\/renewasoft.com.tr\/index.php\/tr\/ana-sayfa\/\"},{\"@type\":\"ListItem\",\"position\":2,\"name\":\"Tak\u0131m\u0131m\u0131z\"}]},{\"@type\":\"WebSite\",\"@id\":\"https:\/\/renewasoft.com.tr\/#website\",\"url\":\"https:\/\/renewasoft.com.tr\/\",\"name\":\"Renewasoft Enerji ve Yaz\u0131l\u0131m A.\u015e\",\"description\":\"\",\"publisher\":{\"@id\":\"https:\/\/renewasoft.com.tr\/#organization\"},\"potentialAction\":[{\"@type\":\"SearchAction\",\"target\":{\"@type\":\"EntryPoint\",\"urlTemplate\":\"https:\/\/renewasoft.com.tr\/?s={search_term_string}\"},\"query-input\":{\"@type\":\"PropertyValueSpecification\",\"valueRequired\":true,\"valueName\":\"search_term_string\"}}],\"inLanguage\":\"tr\"},{\"@type\":\"Organization\",\"@id\":\"https:\/\/renewasoft.com.tr\/#organization\",\"name\":\"Renewasoft Enerji ve Yaz\u0131l\u0131m A.\u015e\",\"url\":\"https:\/\/renewasoft.com.tr\/\",\"logo\":{\"@type\":\"ImageObject\",\"inLanguage\":\"tr\",\"@id\":\"https:\/\/renewasoft.com.tr\/#\/schema\/logo\/image\/\",\"url\":\"https:\/\/renewasoft.com.tr\/wp-content\/uploads\/2025\/03\/images.jpg\",\"contentUrl\":\"https:\/\/renewasoft.com.tr\/wp-content\/uploads\/2025\/03\/images.jpg\",\"width\":225,\"height\":225,\"caption\":\"Renewasoft Enerji ve Yaz\u0131l\u0131m A.\u015e\"},\"image\":{\"@id\":\"https:\/\/renewasoft.com.tr\/#\/schema\/logo\/image\/\"},\"sameAs\":[\"https:\/\/www.linkedin.com\/company\/renewasoft\/\"]}]}<\/script>\n<!-- \/ Yoast SEO plugin. -->","yoast_head_json":{"title":"Tak\u0131m\u0131m\u0131z - Renewasoft Enerji ve Yaz\u0131l\u0131m A.\u015e","robots":{"index":"index","follow":"follow","max-snippet":"max-snippet:-1","max-image-preview":"max-image-preview:large","max-video-preview":"max-video-preview:-1"},"canonical":"https:\/\/renewasoft.com.tr\/index.php\/tr\/takimimiz\/","og_locale":"tr_TR","og_type":"article","og_title":"Tak\u0131m\u0131m\u0131z - Renewasoft Enerji ve Yaz\u0131l\u0131m A.\u015e","og_description":"[vc_row][vc_column][vc_row_inner css=&#8221;.vc_custom_1763743403568{margin-top: 10px !important;margin-right: 10px !important;margin-bottom: 10px !important;margin-left: 10px !important;border-top-width: 2px !important;border-right-width: 2px !important;border-bottom-width: 2px !important;border-left-width: 2px !important;padding-top: 40px !important;padding-right: 30px !important;padding-bottom: 40px !important;padding-left: 30px !important;background-color: #EFEFEF !important;border-left-style: hidden !important;border-right-style: hidden !important;border-top-style: hidden !important;border-bottom-style: hidden !important;border-radius: 30px !important;border-color: #E0E0E0 !important;}&#8221;][vc_column_inner width=&#8221;1\/4&#8243;][vc_single_image image=&#8221;1601&#8243; img_size=&#8221;Large&#8221; css=&#8221;.vc_custom_1763743570221{border-radius: 30px !important;}&#8221;][\/vc_column_inner][vc_column_inner width=&#8221;3\/4&#8243;][vc_column_text css=&#8221;&#8221;] Mehmet Sevri Kurucu Ortak, Genel M\u00fcd\u00fcr Yapay [&hellip;]","og_url":"https:\/\/renewasoft.com.tr\/index.php\/tr\/takimimiz\/","og_site_name":"Renewasoft Enerji ve Yaz\u0131l\u0131m A.\u015e","article_modified_time":"2025-11-21T17:14:36+00:00","twitter_card":"summary_large_image","twitter_misc":{"Tahmini okuma s\u00fcresi":"3 dakika"},"schema":{"@context":"https:\/\/schema.org","@graph":[{"@type":"WebPage","@id":"https:\/\/renewasoft.com.tr\/index.php\/tr\/takimimiz\/","url":"https:\/\/renewasoft.com.tr\/index.php\/tr\/takimimiz\/","name":"Tak\u0131m\u0131m\u0131z - Renewasoft Enerji ve Yaz\u0131l\u0131m A.\u015e","isPartOf":{"@id":"https:\/\/renewasoft.com.tr\/#website"},"datePublished":"2020-07-07T04:08:56+00:00","dateModified":"2025-11-21T17:14:36+00:00","breadcrumb":{"@id":"https:\/\/renewasoft.com.tr\/index.php\/tr\/takimimiz\/#breadcrumb"},"inLanguage":"tr","potentialAction":[{"@type":"ReadAction","target":["https:\/\/renewasoft.com.tr\/index.php\/tr\/takimimiz\/"]}]},{"@type":"BreadcrumbList","@id":"https:\/\/renewasoft.com.tr\/index.php\/tr\/takimimiz\/#breadcrumb","itemListElement":[{"@type":"ListItem","position":1,"name":"Anasayfa","item":"https:\/\/renewasoft.com.tr\/index.php\/tr\/ana-sayfa\/"},{"@type":"ListItem","position":2,"name":"Tak\u0131m\u0131m\u0131z"}]},{"@type":"WebSite","@id":"https:\/\/renewasoft.com.tr\/#website","url":"https:\/\/renewasoft.com.tr\/","name":"Renewasoft Enerji ve Yaz\u0131l\u0131m A.\u015e","description":"","publisher":{"@id":"https:\/\/renewasoft.com.tr\/#organization"},"potentialAction":[{"@type":"SearchAction","target":{"@type":"EntryPoint","urlTemplate":"https:\/\/renewasoft.com.tr\/?s={search_term_string}"},"query-input":{"@type":"PropertyValueSpecification","valueRequired":true,"valueName":"search_term_string"}}],"inLanguage":"tr"},{"@type":"Organization","@id":"https:\/\/renewasoft.com.tr\/#organization","name":"Renewasoft Enerji ve Yaz\u0131l\u0131m A.\u015e","url":"https:\/\/renewasoft.com.tr\/","logo":{"@type":"ImageObject","inLanguage":"tr","@id":"https:\/\/renewasoft.com.tr\/#\/schema\/logo\/image\/","url":"https:\/\/renewasoft.com.tr\/wp-content\/uploads\/2025\/03\/images.jpg","contentUrl":"https:\/\/renewasoft.com.tr\/wp-content\/uploads\/2025\/03\/images.jpg","width":225,"height":225,"caption":"Renewasoft Enerji ve Yaz\u0131l\u0131m A.\u015e"},"image":{"@id":"https:\/\/renewasoft.com.tr\/#\/schema\/logo\/image\/"},"sameAs":["https:\/\/www.linkedin.com\/company\/renewasoft\/"]}]}},"_links":{"self":[{"href":"https:\/\/renewasoft.com.tr\/index.php\/wp-json\/wp\/v2\/pages\/73","targetHints":{"allow":["GET"]}}],"collection":[{"href":"https:\/\/renewasoft.com.tr\/index.php\/wp-json\/wp\/v2\/pages"}],"about":[{"href":"https:\/\/renewasoft.com.tr\/index.php\/wp-json\/wp\/v2\/types\/page"}],"author":[{"embeddable":true,"href":"https:\/\/renewasoft.com.tr\/index.php\/wp-json\/wp\/v2\/users\/1"}],"replies":[{"embeddable":true,"href":"https:\/\/renewasoft.com.tr\/index.php\/wp-json\/wp\/v2\/comments?post=73"}],"version-history":[{"count":59,"href":"https:\/\/renewasoft.com.tr\/index.php\/wp-json\/wp\/v2\/pages\/73\/revisions"}],"predecessor-version":[{"id":2781,"href":"https:\/\/renewasoft.com.tr\/index.php\/wp-json\/wp\/v2\/pages\/73\/revisions\/2781"}],"wp:attachment":[{"href":"https:\/\/renewasoft.com.tr\/index.php\/wp-json\/wp\/v2\/media?parent=73"}],"curies":[{"name":"wp","href":"https:\/\/api.w.org\/{rel}","templated":true}]}}